{"id":92,"date":"2018-10-11T17:04:52","date_gmt":"2018-10-11T15:04:52","guid":{"rendered":"https:\/\/kuehlanalyse.de\/wp2018\/?page_id=92"},"modified":"2018-10-12T08:37:19","modified_gmt":"2018-10-12T06:37:19","slug":"climacheck-online","status":"publish","type":"page","link":"https:\/\/kuehlanalyse.de\/index.php\/climacheck-online\/","title":{"rendered":"ClimaCheck online"},"content":{"rendered":"<p><img loading=\"lazy\" class=\"alignright size-full wp-image-215\" src=\"https:\/\/kuehlanalyse.de\/wp2018\/wp-content\/uploads\/ClimaCheckonline1.jpg\" alt=\"\" width=\"97\" height=\"97\" \/>ClimaCheck &#8211; Dokumentierte Leistungsinspektion<\/p>\n<p>Sie k\u00f6nnen Ihre K\u00e4lte- und Klimaanlagen oder W\u00e4rmepumpen weltweit mit jedem Computer, der vorgegebenen Alarmgrenzen liegt. So k\u00f6nnen Sie reagieren, bevor Anlagenfehler zu einem echten Kostenproblem werden.<\/p>\n<p><img loading=\"lazy\" class=\"alignright size-full wp-image-213\" src=\"https:\/\/kuehlanalyse.de\/wp2018\/wp-content\/uploads\/ClimaCheckonline2.jpg\" alt=\"\" width=\"300\" height=\"230\" \/>ClimaCheck online Daten Sie erhalten sofortigen Zugriff auf die aktuellen Werte, dies ist wichtig f\u00fcr den Betreiber \/ Eigent\u00fcmer und das Serviceunternehmen \/ den Fachbetrieb. Wenn Sie m\u00f6chten, k\u00f6nnen Sie den Zugang auch freigeschalten f\u00fcr Herstellern,\u00a0 &#8220;Performance-Inspektoren&#8221; und Experten f\u00fcr Optimierung und pr\u00e4ventive Ma\u00dfnahmen. So k\u00f6nnen Sie sich eine unabh\u00e4ngige Zweitmeinung oder fachlichen Rat einholen.<\/p>\n<p>Wann immer es ein Anlagenproblem gibt, werden Sie per E-Mail und \/ oder SMS alarmiert. Diese k\u00f6nnen \u00fcber das Web oder ein modernes Mobiltelefon quittiert werden. Historische Anlagendaten k\u00f6nnen f\u00fcr den Vergleich und\u00a0\u00a0\u00a0\u00a0 die Analyse im Detail abgerufen werden.<\/p>\n<p><img loading=\"lazy\" class=\"alignleft size-full wp-image-214\" src=\"https:\/\/kuehlanalyse.de\/wp2018\/wp-content\/uploads\/ClimaCheckonline3.jpg\" alt=\"\" width=\"300\" height=\"230\" \/>ClimaCheck verf\u00fcgt \u00fcber umfangreiche Erfahrungen und bietet weltweit einzigartige Anlagenanalysetechnologie und Know How an. So existieren \u00fcber 200 verschiedene Anlagenbewertungsvorlagen (Templates). Auch Sonderanlagen\u00a0 und spezielle Messungen lassen sich realisieren.<\/p>\n<p>Auch Sie k\u00f6nnen Ihre Anlagen bald online \u00fcberwachen lassen.<\/p>\n<p>ClimaCheck Online ist unter online.climacheck.com verf\u00fcgbar.<\/p>\n<p>Probieren Sie es selbst aus.<\/p>\n<p>Wir senden Ihnen gerne einen Online-Test-Zugang zu.<\/p>\n","protected":false},"excerpt":{"rendered":"<p>ClimaCheck &#8211; Dokumentierte Leistungsinspektion Sie k\u00f6nnen Ihre K\u00e4lte- und Klimaanlagen oder W\u00e4rmepumpen weltweit mit jedem Computer, der vorgegebenen Alarmgrenzen liegt.&hellip;<\/p>\n","protected":false},"author":1,"featured_media":0,"parent":0,"menu_order":0,"comment_status":"closed","ping_status":"closed","template":"","meta":[],"_links":{"self":[{"href":"https:\/\/kuehlanalyse.de\/index.php\/wp-json\/wp\/v2\/pages\/92"}],"collection":[{"href":"https:\/\/kuehlanalyse.de\/index.php\/wp-json\/wp\/v2\/pages"}],"about":[{"href":"https:\/\/kuehlanalyse.de\/index.php\/wp-json\/wp\/v2\/types\/page"}],"author":[{"embeddable":true,"href":"https:\/\/kuehlanalyse.de\/index.php\/wp-json\/wp\/v2\/users\/1"}],"replies":[{"embeddable":true,"href":"https:\/\/kuehlanalyse.de\/index.php\/wp-json\/wp\/v2\/comments?post=92"}],"version-history":[{"count":3,"href":"https:\/\/kuehlanalyse.de\/index.php\/wp-json\/wp\/v2\/pages\/92\/revisions"}],"predecessor-version":[{"id":217,"href":"https:\/\/kuehlanalyse.de\/index.php\/wp-json\/wp\/v2\/pages\/92\/revisions\/217"}],"wp:attachment":[{"href":"https:\/\/kuehlanalyse.de\/index.php\/wp-json\/wp\/v2\/media?parent=92"}],"curies":[{"name":"wp","href":"https:\/\/api.w.org\/{rel}","templated":true}]}}