{"id":88,"date":"2018-10-11T17:04:35","date_gmt":"2018-10-11T15:04:35","guid":{"rendered":"https:\/\/kuehlanalyse.de\/wp2018\/?page_id=88"},"modified":"2018-10-12T08:32:44","modified_gmt":"2018-10-12T06:32:44","slug":"praesentation-der-daten","status":"publish","type":"page","link":"https:\/\/kuehlanalyse.de\/index.php\/praesentation-der-daten\/","title":{"rendered":"Pr\u00e4sentation der Daten"},"content":{"rendered":"<p><img loading=\"lazy\" class=\"alignright size-full wp-image-202\" src=\"https:\/\/kuehlanalyse.de\/wp2018\/wp-content\/uploads\/Ergebnisse2.jpg\" alt=\"\" width=\"389\" height=\"257\" srcset=\"https:\/\/kuehlanalyse.de\/wp-content\/uploads\/Ergebnisse2.jpg 389w, https:\/\/kuehlanalyse.de\/wp-content\/uploads\/Ergebnisse2-300x198.jpg 300w\" sizes=\"(max-width: 389px) 100vw, 389px\" \/>ClimaCheck bietet L\u00f6sungen f\u00fcr\u00a0Analysen\u00a0direkt vor\u00a0Ort\u00a0\u00fcber Laptop.<br \/>\nWie von ClimaCheck gewohnt erhalten Sie ausf\u00fchrliche und informative Auswertungen. Grunds\u00e4tzlich l\u00e4sst sich jede errechnete Bewertungsgr\u00f6\u00dfe auch im zeitlichen Verlauf zusammen mit anderen Gr\u00f6\u00dfen darstellen. Dadurch gewinnt der Techniker qualitativ v\u00f6llig neue Erkenntnisse und Zusammenh\u00e4nge.<\/p>\n<p><img loading=\"lazy\" class=\"alignnone size-full wp-image-199\" src=\"https:\/\/kuehlanalyse.de\/wp2018\/wp-content\/uploads\/Ergebnisse3.jpg\" alt=\"\" width=\"609\" height=\"134\" srcset=\"https:\/\/kuehlanalyse.de\/wp-content\/uploads\/Ergebnisse3.jpg 609w, https:\/\/kuehlanalyse.de\/wp-content\/uploads\/Ergebnisse3-300x66.jpg 300w\" sizes=\"(max-width: 609px) 100vw, 609px\" \/><\/p>\n<p>Fernanalyse, \u00dcberwachung und Alarm \u00fcber das Internet werden f\u00fcr immer die Kunden immer interessanter. ClimaCheck bietet hier von einfachen Anlagen bis hin zu komplexen Industrieanlagen komplette Anlagenauswertungen online an.<br \/>\nRI-Fliessbilder, Tabellen und Grafiken bieten ein klares Bild\u00a0der Betriebsbedingungen\u00a0von einer Anlage.<\/p>\n<p><img loading=\"lazy\" class=\"alignnone size-full wp-image-200\" src=\"https:\/\/kuehlanalyse.de\/wp2018\/wp-content\/uploads\/Ergebnisse4.jpg\" alt=\"\" width=\"621\" height=\"190\" srcset=\"https:\/\/kuehlanalyse.de\/wp-content\/uploads\/Ergebnisse4.jpg 621w, https:\/\/kuehlanalyse.de\/wp-content\/uploads\/Ergebnisse4-300x92.jpg 300w\" sizes=\"(max-width: 621px) 100vw, 621px\" \/><\/p>\n<p><strong>Hinweis:<\/strong>\u00a0Erfahrungsgem\u00e4\u00df treten bestimmte Anlagenfehler nur zeitweise und saisonal auf und lassen sich deshalb nur in zeitlichen Verlauf erkennen.<\/p>\n","protected":false},"excerpt":{"rendered":"<p>ClimaCheck bietet L\u00f6sungen f\u00fcr\u00a0Analysen\u00a0direkt vor\u00a0Ort\u00a0\u00fcber Laptop. Wie von ClimaCheck gewohnt erhalten Sie ausf\u00fchrliche und informative Auswertungen. Grunds\u00e4tzlich l\u00e4sst sich jede&hellip;<\/p>\n","protected":false},"author":1,"featured_media":0,"parent":0,"menu_order":0,"comment_status":"closed","ping_status":"closed","template":"","meta":[],"_links":{"self":[{"href":"https:\/\/kuehlanalyse.de\/index.php\/wp-json\/wp\/v2\/pages\/88"}],"collection":[{"href":"https:\/\/kuehlanalyse.de\/index.php\/wp-json\/wp\/v2\/pages"}],"about":[{"href":"https:\/\/kuehlanalyse.de\/index.php\/wp-json\/wp\/v2\/types\/page"}],"author":[{"embeddable":true,"href":"https:\/\/kuehlanalyse.de\/index.php\/wp-json\/wp\/v2\/users\/1"}],"replies":[{"embeddable":true,"href":"https:\/\/kuehlanalyse.de\/index.php\/wp-json\/wp\/v2\/comments?post=88"}],"version-history":[{"count":3,"href":"https:\/\/kuehlanalyse.de\/index.php\/wp-json\/wp\/v2\/pages\/88\/revisions"}],"predecessor-version":[{"id":211,"href":"https:\/\/kuehlanalyse.de\/index.php\/wp-json\/wp\/v2\/pages\/88\/revisions\/211"}],"wp:attachment":[{"href":"https:\/\/kuehlanalyse.de\/index.php\/wp-json\/wp\/v2\/media?parent=88"}],"curies":[{"name":"wp","href":"https:\/\/api.w.org\/{rel}","templated":true}]}}