{"id":86,"date":"2018-10-11T17:04:29","date_gmt":"2018-10-11T15:04:29","guid":{"rendered":"https:\/\/kuehlanalyse.de\/wp2018\/?page_id=86"},"modified":"2018-10-12T08:30:50","modified_gmt":"2018-10-12T06:30:50","slug":"messergebnisse","status":"publish","type":"page","link":"https:\/\/kuehlanalyse.de\/index.php\/messergebnisse\/","title":{"rendered":"Messergebnisse"},"content":{"rendered":"<p><img loading=\"lazy\" class=\"alignright  wp-image-201\" src=\"https:\/\/kuehlanalyse.de\/wp2018\/wp-content\/uploads\/Ergebnisse1.jpg\" alt=\"\" width=\"85\" height=\"281\" srcset=\"https:\/\/kuehlanalyse.de\/wp-content\/uploads\/Ergebnisse1.jpg 100w, https:\/\/kuehlanalyse.de\/wp-content\/uploads\/Ergebnisse1-91x300.jpg 91w\" sizes=\"(max-width: 85px) 100vw, 85px\" \/>Als Ergebnis der Messungen werden alle Leistungsparameter berechnet und angezeigt, wie zum Beispiel:<\/p>\n<ul>\n<li>K\u00e4lte- Heizleistung<\/li>\n<li>Aufgenommene elektrische Leistung<\/li>\n<li>Coefficient of Performance \/ EER<\/li>\n<li>Kompressoreffizienz<\/li>\n<li>Verdampfungs- und Verfl\u00fcssigungstemperatur<\/li>\n<li>Druckgastemperatur<\/li>\n<li>\u00dcberhitzung \/ Unterk\u00fchlung<\/li>\n<li>Ein- und austretende gek\u00fchlte Luft bzw. gek\u00fchltes Wasser<\/li>\n<li>Ein- und austretende erw\u00e4rmte Luft \/ erw\u00e4rmtes Wasser<\/li>\n<li>Temperaturdifferenzen und Massenstrom im Verdampfer und\u00a0Kondensator<\/li>\n<\/ul>\n<h2>Die Ergebnisse der interne Methode von ClimaCheck<\/h2>\n<p><img loading=\"lazy\" class=\" wp-image-202 alignright\" src=\"https:\/\/kuehlanalyse.de\/wp2018\/wp-content\/uploads\/Ergebnisse2.jpg\" alt=\"\" width=\"325\" height=\"215\" srcset=\"https:\/\/kuehlanalyse.de\/wp-content\/uploads\/Ergebnisse2.jpg 389w, https:\/\/kuehlanalyse.de\/wp-content\/uploads\/Ergebnisse2-300x198.jpg 300w\" sizes=\"(max-width: 325px) 100vw, 325px\" \/>Im Jahr 2006 wurde die ClimaCheck Methode in einer Diplomarbeit am Royal Institute of Technology in Stockholm ausgewertet. Die Erhebung wurde an 164 K\u00e4lteanlagen, Klimaanlagen und W\u00e4rmepumpen mit einer Leistung von 12-900 kW durchgef\u00fchrt. Die daraus resultierenden ClimaCheck Performance Inspektionen zeigten, dass 87 Prozent der Systeme nicht den Spezifikationen entsprachen. Mit einfachen Anpassungen wurde ein um durchschnittlich 10 Prozent gesenkter Energieverbrauch erreicht und in vielen F\u00e4llen sogar bis zu 30 Prozent. Solche Energieeinsparungen resultierten direkt in niedrigeren Betriebskosten und in geringeren Umweltbelastungen.<\/p>\n<h2>Pr\u00e4sentation der Daten<\/h2>\n<p>ClimaCheck bietet L\u00f6sungen f\u00fcr\u00a0<u>Analysen<\/u>\u00a0direktvor\u00a0<u>Ort<\/u>\u00a0\u00fcber Laptop.<br \/>\nWie von ClimaCheck gewohnt erhalten Sie ausf\u00fchrliche und informative Auswertungen. Grunds\u00e4tzlich l\u00e4sst sich jede errechnete Bewertungsgr\u00f6\u00dfe auch im zeitlichen Verlauf zusammen mit anderen Gr\u00f6\u00dfen darstellen. Dadurch gewinnt der Techniker qualitativ v\u00f6llig neue Erkenntnisse und Zusammenh\u00e4nge.<\/p>\n<p><img loading=\"lazy\" class=\"alignnone size-full wp-image-199\" src=\"https:\/\/kuehlanalyse.de\/wp2018\/wp-content\/uploads\/Ergebnisse3.jpg\" alt=\"\" width=\"609\" height=\"134\" srcset=\"https:\/\/kuehlanalyse.de\/wp-content\/uploads\/Ergebnisse3.jpg 609w, https:\/\/kuehlanalyse.de\/wp-content\/uploads\/Ergebnisse3-300x66.jpg 300w\" sizes=\"(max-width: 609px) 100vw, 609px\" \/><\/p>\n<p>Fernanalyse, \u00dcberwachung und Alarm \u00fcber das Internet werden f\u00fcr immer die Kunden immer interessanter. ClimaCheck bietet hier von einfachen Anlagen bis hin zu komplexen Industrieanlagen komplette Anlagenauswertungen online an.<br \/>\nRI-Fliessbilder, Tabellen und Grafiken bieten ein klares Bild\u00a0der Betriebsbedingungen\u00a0von einer Anlage.<\/p>\n<p><img loading=\"lazy\" class=\"alignnone size-full wp-image-200\" src=\"https:\/\/kuehlanalyse.de\/wp2018\/wp-content\/uploads\/Ergebnisse4.jpg\" alt=\"\" width=\"621\" height=\"190\" srcset=\"https:\/\/kuehlanalyse.de\/wp-content\/uploads\/Ergebnisse4.jpg 621w, https:\/\/kuehlanalyse.de\/wp-content\/uploads\/Ergebnisse4-300x92.jpg 300w\" sizes=\"(max-width: 621px) 100vw, 621px\" \/><\/p>\n<p><strong>Hinweis:<\/strong>\u00a0Erfahrungsgem\u00e4\u00df treten bestimmte Anlagenfehler nur zeitweise und saisonal auf und lassen sich deshalb\u00a0nur in zeitlichen Verlauf erkennen.<\/p>\n","protected":false},"excerpt":{"rendered":"<p>Als Ergebnis der Messungen werden alle Leistungsparameter berechnet und angezeigt, wie zum Beispiel: K\u00e4lte- Heizleistung Aufgenommene elektrische Leistung Coefficient of&hellip;<\/p>\n","protected":false},"author":1,"featured_media":0,"parent":0,"menu_order":0,"comment_status":"closed","ping_status":"closed","template":"","meta":[],"_links":{"self":[{"href":"https:\/\/kuehlanalyse.de\/index.php\/wp-json\/wp\/v2\/pages\/86"}],"collection":[{"href":"https:\/\/kuehlanalyse.de\/index.php\/wp-json\/wp\/v2\/pages"}],"about":[{"href":"https:\/\/kuehlanalyse.de\/index.php\/wp-json\/wp\/v2\/types\/page"}],"author":[{"embeddable":true,"href":"https:\/\/kuehlanalyse.de\/index.php\/wp-json\/wp\/v2\/users\/1"}],"replies":[{"embeddable":true,"href":"https:\/\/kuehlanalyse.de\/index.php\/wp-json\/wp\/v2\/comments?post=86"}],"version-history":[{"count":5,"href":"https:\/\/kuehlanalyse.de\/index.php\/wp-json\/wp\/v2\/pages\/86\/revisions"}],"predecessor-version":[{"id":206,"href":"https:\/\/kuehlanalyse.de\/index.php\/wp-json\/wp\/v2\/pages\/86\/revisions\/206"}],"wp:attachment":[{"href":"https:\/\/kuehlanalyse.de\/index.php\/wp-json\/wp\/v2\/media?parent=86"}],"curies":[{"name":"wp","href":"https:\/\/api.w.org\/{rel}","templated":true}]}}