{"id":82,"date":"2018-10-11T17:04:16","date_gmt":"2018-10-11T15:04:16","guid":{"rendered":"https:\/\/kuehlanalyse.de\/wp2018\/?page_id=82"},"modified":"2018-10-11T17:58:35","modified_gmt":"2018-10-11T15:58:35","slug":"climacheck-messtechnik","status":"publish","type":"page","link":"https:\/\/kuehlanalyse.de\/index.php\/climacheck-messtechnik\/","title":{"rendered":"ClimaCheck Messtechnik"},"content":{"rendered":"<p>ClimaCheck hat 2018 die <strong>\u00a0komplette Hardware-Plattform<\/strong> upgedatet und ist bereit f\u00fcr das<strong> Internet der Dinge<\/strong>, der Zukunft in unserer Industrie. Die neuartige Plattform wurde intensiv getestet und ist nun bereit f\u00fcr die gro\u00dfen Anforderungen der Zukunft. Die \u00a0extensive Flexibilit\u00e4t der neuen Hardware katapultiert ClimaCheck in das Zeitalter des Internets der Dinge.<\/p>\n<p>Durch die neue Hardware ergeben sich neue verbesserte M\u00f6glichkeiten:<\/p>\n<p><img loading=\"lazy\" class=\"alignleft size-full wp-image-181\" src=\"https:\/\/kuehlanalyse.de\/wp2018\/wp-content\/uploads\/Messtechnik1.jpg\" alt=\"\" width=\"250\" height=\"269\" \/><strong>1. ClimaCheck onsite +++ Der mobile Performance Analyser PA Pro III f\u00fcr sofortige Vor Ort Messungen <\/strong><\/p>\n<p>ClimaCheck hat die <strong>weltweit modernste, leistungsf\u00e4higste und flexibelste Plattform<\/strong> ausgew\u00e4hlt, die momentan auf dem Weltmarkt verf\u00fcgbar ist. Diese loggt Daten und verwaltet die Kommunikation von Sensor zu PC oder Sensor zu ClimaCheck Online Cloudbasierten Servern effizient.<\/p>\n<p>Die ausgew\u00e4hlte Plattform ist <strong>vorbereitet f\u00fcr st\u00e4ndige Weiterentwicklungen<\/strong> von hochmodernen Internet of Things (IoT)-L\u00f6sungen. Die vielf\u00e4ltigen M\u00f6glichkeiten mit drahtgebundenen und drahtlosen Kommunikationsoptionen erlauben es, Daten flexibel zu sammeln und zu verteilen.<\/p>\n<p>Die Plattform RTCU NX-400 ist das Ergebnis von akkumulierter Erfahrung kombiniert mit dem wertvollen Feedback von Hunderten von <strong>professionellen und missionskritischen Applikationen <\/strong>von bedeutenden Organisationen auf der ganzen Welt. RTCU-Produkte werden unterirdisch, station\u00e4r, auf der Stra\u00dfe, auf See, auf der Schiene und in der Luft eingesetzt! \u2013 In jeder erdenklichen Anwendung und Umgebung.<\/p>\n<p>Weitere Informationen \u00fcber die Hardware und die Hardwareplattform finden Sie auf unserer Homepage.<\/p>\n<p><strong>2<img loading=\"lazy\" class=\"alignleft size-full wp-image-182\" src=\"https:\/\/kuehlanalyse.de\/wp2018\/wp-content\/uploads\/Messtechnik2.jpg\" alt=\"\" width=\"249\" height=\"355\" srcset=\"https:\/\/kuehlanalyse.de\/wp-content\/uploads\/Messtechnik2.jpg 249w, https:\/\/kuehlanalyse.de\/wp-content\/uploads\/Messtechnik2-210x300.jpg 210w\" sizes=\"(max-width: 249px) 100vw, 249px\" \/>. ClimaCheck online +++ Die neue Hardware f\u00fcr das Monitoring Ihrer K\u00e4lteanlagen<br \/>\n<\/strong><br \/>\nAls zweite L\u00f6sung f\u00fcr Langzeitmessungen und Monitoring k\u00f6nnen Sie ClimaCheck online nutzen, mit dem Webservice und der feste Installation. Die Plattform RTCU NX-400 wird auch in der festen Installation eingesetzt und bietet auch hier alle M\u00f6glichkeiten f\u00fcr den Einsatz von diversen Datenquellen.<\/p>\n<p>Neben den wichtigen Fr\u00fchwarnsystem\u00a0 gibt es viele zus\u00e4tzliche Funktionen, die f\u00fcr Sie interessant sind, wie zum Beispiel:<\/p>\n<p><strong>Energiestatistik &#8211; <\/strong>Hier wird der Energieverbrauch f\u00fcr verschiedene Zeitr\u00e4ume mit verschiedenen Lastprofile automatisch generiert und kann auch zur \u00dcberwachung und Fr\u00fcherkennung\u00a0 mit genutzt werden.<\/p>\n<p><strong>Leistungsprofil &#8211;<\/strong> Im Powerprofil erfolgt eine au\u00dfentemperaturanh\u00e4ngige Darstellung der Leistungsaufnahme der Anlage<br \/>\n<strong><br \/>\nIndirekte Leckageerkennung<\/strong> &#8211; Durch das Monitoring mit dem ClimaCheck-System reduziert das vorgeschriebene Pr\u00fcfintervall f\u00fcr die Lecksuche bei K\u00e4lteanlagen auf die H\u00e4lfte:<br \/>\n5 t bis unter 50 t CO2-\u00c4quivalente: alle zw\u00f6lf Monate, mit Leckageerkennungssystem (LES) alle 24 Monate,<br \/>\n50 t bis unter 500 t CO2-\u00c4quivalente: alle sechs Monate, mit LES alle zw\u00f6lf Monate,<br \/>\n500 t CO2-\u00c4quivalente und mehr: alle drei Monate, mit LES alle sechs Monate.<\/p>\n<p><strong><img loading=\"lazy\" class=\"alignleft size-full wp-image-184\" src=\"https:\/\/kuehlanalyse.de\/wp2018\/wp-content\/uploads\/Messtechnik3.jpg\" alt=\"\" width=\"249\" height=\"173\" srcset=\"https:\/\/kuehlanalyse.de\/wp-content\/uploads\/Messtechnik3.jpg 249w, https:\/\/kuehlanalyse.de\/wp-content\/uploads\/Messtechnik3-130x90.jpg 130w\" sizes=\"(max-width: 249px) 100vw, 249px\" \/>3. ClimaCheck concom +++ Die kosteng\u00fcnstige L\u00f6sung f\u00fcr das Monitoring kleiner Anlagen<\/strong><\/p>\n<p>ClimaCheck bietet Ihnen damit eine <strong>kosteneffektive L\u00f6sung f\u00fcr Monitoring von modernen Controllern<\/strong> mit Modbus-Anbindung.<\/p>\n<p>ClimaCheck concom nutzt ein Internet of Things Modul mit integrierten Modem, Modbus 485 und Eindraht &#8211; Bus. Es kann modifiziert werden, um Dr\u00fccke, Temperaturen und Str\u00f6me\/Leistungen von jedem m\u00f6glichen Controller mit Modbus oder RS 485 Schnittstelle zu lesen. Sollten bestimmte Messwerte fehlen, so\u00a0ist es m\u00f6glich ausgew\u00e4hlte Sensoren\u00a0an das ClimaCheck concom Modul anzuschlie\u00dfen und so eine vollst\u00e4ndige Messung und ein Monitoring durchzuf\u00fchren.<\/p>\n<p>Damit wird ein schnelles und kosteng\u00fcnstiges Monitoring von kleineren K\u00e4ltemaschinen m\u00f6glich<\/p>\n<p><strong><img loading=\"lazy\" class=\"alignleft size-full wp-image-185\" src=\"https:\/\/kuehlanalyse.de\/wp2018\/wp-content\/uploads\/Messtechnik4.jpg\" alt=\"\" width=\"257\" height=\"147\" \/>4. ClimaCheck Online-Integration in Kundensysteme<\/strong><\/p>\n<p>ClimaCheck online gibt es auch als <strong>In-House<\/strong> <strong>L\u00f6sung<\/strong>. Daten aus der Geb\u00e4udeleittechnik, SPSen, Controllern in Klimaanlagen, W\u00e4rmepumpen, Kaltwassers\u00e4tzen und andere K\u00e4ltekreisl\u00e4ufen k\u00f6nnen im eigenen Intranet empfangen werden. Es berechnet die Prozessdaten hinsichtlich der Funktion und Leistung der Anlage. Wie gewohnt zur stehen dann alle Funktionalit\u00e4ten, wie \u00dcberwachung und Alarmierung, Energieprofiling usw. zur Verf\u00fcgung. Auf Wunsch k\u00f6nnen ausgew\u00e4hlte Anlagenparameter, wie COP, EER, SEI, W\u00e4rmetauschereffizienz z.B. in die GLT zur\u00fcckgemeldet werden.<\/p>\n<p>Viele Kunden haben starke Restriktionen im Umgang mit Ihren Daten, so dass aufgrund von IT-Vorschriften grunds\u00e4tzlich nur eine In-house Serverl\u00f6sung\u00a0in Frage kommt. Ich darf Ihnen mitteilen, dass ClimaCheck\u00a0bereits externe Serverl\u00f6sungen in China und in den USA realisiert hat. Somit w\u00e4re diese M\u00f6glichkeit auch f\u00fcr Ihre K\u00e4lteprodukte ein Monitoring im eignen Firmennetz m\u00f6glich ist.<\/p>\n","protected":false},"excerpt":{"rendered":"<p>ClimaCheck hat 2018 die \u00a0komplette Hardware-Plattform upgedatet und ist bereit f\u00fcr das Internet der Dinge, der Zukunft in unserer Industrie.&hellip;<\/p>\n","protected":false},"author":1,"featured_media":0,"parent":0,"menu_order":0,"comment_status":"closed","ping_status":"closed","template":"","meta":[],"_links":{"self":[{"href":"https:\/\/kuehlanalyse.de\/index.php\/wp-json\/wp\/v2\/pages\/82"}],"collection":[{"href":"https:\/\/kuehlanalyse.de\/index.php\/wp-json\/wp\/v2\/pages"}],"about":[{"href":"https:\/\/kuehlanalyse.de\/index.php\/wp-json\/wp\/v2\/types\/page"}],"author":[{"embeddable":true,"href":"https:\/\/kuehlanalyse.de\/index.php\/wp-json\/wp\/v2\/users\/1"}],"replies":[{"embeddable":true,"href":"https:\/\/kuehlanalyse.de\/index.php\/wp-json\/wp\/v2\/comments?post=82"}],"version-history":[{"count":3,"href":"https:\/\/kuehlanalyse.de\/index.php\/wp-json\/wp\/v2\/pages\/82\/revisions"}],"predecessor-version":[{"id":186,"href":"https:\/\/kuehlanalyse.de\/index.php\/wp-json\/wp\/v2\/pages\/82\/revisions\/186"}],"wp:attachment":[{"href":"https:\/\/kuehlanalyse.de\/index.php\/wp-json\/wp\/v2\/media?parent=82"}],"curies":[{"name":"wp","href":"https:\/\/api.w.org\/{rel}","templated":true}]}}