{"id":80,"date":"2018-10-11T17:04:10","date_gmt":"2018-10-11T15:04:10","guid":{"rendered":"https:\/\/kuehlanalyse.de\/wp2018\/?page_id=80"},"modified":"2018-10-11T17:31:09","modified_gmt":"2018-10-11T15:31:09","slug":"ausfuehrungsvarianten","status":"publish","type":"page","link":"https:\/\/kuehlanalyse.de\/index.php\/ausfuehrungsvarianten\/","title":{"rendered":"Ausf\u00fchrungsvarianten"},"content":{"rendered":"<h2>Vor Ort Messungen und festinstallierte Anlagen<\/h2>\n<p>Wir bieten ClimaCheck PA Pro Ger\u00e4te in verschiedenen Ausf\u00fchrungen an:<\/p>\n<p><img loading=\"lazy\" class=\"alignnone wp-image-138 size-full\" src=\"https:\/\/kuehlanalyse.de\/wp2018\/wp-content\/uploads\/Varianten1.jpg\" alt=\"\" width=\"452\" height=\"612\" srcset=\"https:\/\/kuehlanalyse.de\/wp-content\/uploads\/Varianten1.jpg 452w, https:\/\/kuehlanalyse.de\/wp-content\/uploads\/Varianten1-222x300.jpg 222w\" sizes=\"(max-width: 452px) 100vw, 452px\" \/><\/p>\n<h2>Feld-Messsystem<\/h2>\n<ul style=\"list-style-type: circle;\">\n<li>eine komplette mobile Messtechnik mit analogen und digitalen Eing\u00e4ngen, alles in einem robusten Geh\u00e4use, komplett mit allen Sensoren.<\/li>\n<\/ul>\n<h2>System f\u00fcr feste Installation<\/h2>\n<ul style=\"list-style-type: circle;\">\n<li>ClimaCheck PA Pro in komplett vormontiertem System f\u00fcr die einfache Installation einer kontinuierlichen \u00dcberwachung von K\u00e4lteanlagen und W\u00e4rmepumpen, zur Fern\u00fcberwachung mit festen Internetanschlu\u00df oder mobilen Anschlu\u00df.<\/li>\n<\/ul>\n<p><img loading=\"lazy\" class=\"alignnone size-full wp-image-139\" src=\"https:\/\/kuehlanalyse.de\/wp2018\/wp-content\/uploads\/Varianten2.jpg\" alt=\"\" width=\"568\" height=\"205\" srcset=\"https:\/\/kuehlanalyse.de\/wp-content\/uploads\/Varianten2.jpg 568w, https:\/\/kuehlanalyse.de\/wp-content\/uploads\/Varianten2-300x108.jpg 300w\" sizes=\"(max-width: 568px) 100vw, 568px\" \/><\/p>\n<h2>Integration in Regelungs und Geb\u00e4udeleittechnik Systeme<\/h2>\n<ul style=\"list-style-type: circle;\">\n<li>Unsere Software kann in die meisten modernen \u00dcberwachungssysteme \u00fcber Standard-Schnittstellen wie OPC, DDE, oder Text-Dateien integriert werden.<\/li>\n<\/ul>\n","protected":false},"excerpt":{"rendered":"<p>Vor Ort Messungen und festinstallierte Anlagen Wir bieten ClimaCheck PA Pro Ger\u00e4te in verschiedenen Ausf\u00fchrungen an: Feld-Messsystem eine komplette mobile&hellip;<\/p>\n","protected":false},"author":1,"featured_media":0,"parent":0,"menu_order":0,"comment_status":"closed","ping_status":"closed","template":"","meta":[],"_links":{"self":[{"href":"https:\/\/kuehlanalyse.de\/index.php\/wp-json\/wp\/v2\/pages\/80"}],"collection":[{"href":"https:\/\/kuehlanalyse.de\/index.php\/wp-json\/wp\/v2\/pages"}],"about":[{"href":"https:\/\/kuehlanalyse.de\/index.php\/wp-json\/wp\/v2\/types\/page"}],"author":[{"embeddable":true,"href":"https:\/\/kuehlanalyse.de\/index.php\/wp-json\/wp\/v2\/users\/1"}],"replies":[{"embeddable":true,"href":"https:\/\/kuehlanalyse.de\/index.php\/wp-json\/wp\/v2\/comments?post=80"}],"version-history":[{"count":5,"href":"https:\/\/kuehlanalyse.de\/index.php\/wp-json\/wp\/v2\/pages\/80\/revisions"}],"predecessor-version":[{"id":143,"href":"https:\/\/kuehlanalyse.de\/index.php\/wp-json\/wp\/v2\/pages\/80\/revisions\/143"}],"wp:attachment":[{"href":"https:\/\/kuehlanalyse.de\/index.php\/wp-json\/wp\/v2\/media?parent=80"}],"curies":[{"name":"wp","href":"https:\/\/api.w.org\/{rel}","templated":true}]}}