{"id":78,"date":"2018-10-11T17:04:05","date_gmt":"2018-10-11T15:04:05","guid":{"rendered":"https:\/\/kuehlanalyse.de\/wp2018\/?page_id=78"},"modified":"2018-10-11T17:24:37","modified_gmt":"2018-10-11T15:24:37","slug":"anwendungen","status":"publish","type":"page","link":"https:\/\/kuehlanalyse.de\/index.php\/anwendungen\/","title":{"rendered":"Anwendungen"},"content":{"rendered":"<p>Die ClimaCheck Performance Analyser Pro dient dazu, alle Arten von Kompressor angetrieben K\u00e4lte- und Klimaanlagen und W\u00e4rmepumpen zu evaluieren.<\/p>\n<p><strong>Die Anwendungen sind zahlreich:<\/strong><\/p>\n<h2><img loading=\"lazy\" class=\"alignright wp-image-132 size-full\" src=\"https:\/\/kuehlanalyse.de\/wp2018\/wp-content\/uploads\/Anwendungen1.jpg\" alt=\"\" width=\"386\" height=\"258\" srcset=\"https:\/\/kuehlanalyse.de\/wp-content\/uploads\/Anwendungen1.jpg 386w, https:\/\/kuehlanalyse.de\/wp-content\/uploads\/Anwendungen1-300x201.jpg 300w\" sizes=\"(max-width: 386px) 100vw, 386px\" \/>Produkt-und Systementwicklung<\/h2>\n<ul style=\"list-style-type: circle;\">\n<li>f\u00fchrende Hersteller von K\u00e4lte-und W\u00e4rmepumpensysteme nutzen ClimaCheck L\u00f6sungen f\u00fcr die Entwicklung und Qualit\u00e4tskontrolle Ihrer Produkte.<\/li>\n<\/ul>\n<h2>Inbetriebnahme \/ Garantie-Inspektionen<\/h2>\n<ul style=\"list-style-type: circle;\">\n<li>wenn neue Anlagen in Betrieb genommen werden oder am Ende der Garantiezeit \u00fcber- pr\u00fcft werden, best\u00e4tigt unsere L\u00f6sung, ob die Anlage mit\u00a0Nennleistung und\u00a0Energieeffizienz\u00a0und mit minimalem Ausfallrisikol\u00e4uft<\/li>\n<\/ul>\n<h2>Performance Inspektionen<\/h2>\n<ul style=\"list-style-type: circle;\">\n<li>nach EU-Richtlinie, Klimaanlagen \u00fcber 12 kW m\u00fcssen regelm\u00e4\u00dfig im Hinblick auf die Energieeffizienz untersucht werden. Die Untersuchung mit ClimaCheck liefert eine genaue und unvoreingenommene Performance-Validierung<\/li>\n<\/ul>\n<h2>Energieoptimierung<\/h2>\n<ul style=\"list-style-type: circle;\">\n<li>ClimaCheck bietet hochwertige\u00a0Entscheidungs- hilfen f\u00fcr Energieeffizienzma\u00dfnahmen in K\u00fchlsystemen und W\u00e4rmepumpen<\/li>\n<li>Der ClimaCheck Internetzugang erm\u00f6glicht es Beratern \/ Experten die Systemleistung und den effektiven \u00a0Betrieb der Anlage von \u00fcberall auf der Welt zu studieren und zu diagnostizieren.<\/li>\n<\/ul>\n<h2><img loading=\"lazy\" class=\"alignright wp-image-133 size-full\" src=\"https:\/\/kuehlanalyse.de\/wp2018\/wp-content\/uploads\/Anwendungen2.jpg\" alt=\"\" width=\"381\" height=\"333\" srcset=\"https:\/\/kuehlanalyse.de\/wp-content\/uploads\/Anwendungen2.jpg 381w, https:\/\/kuehlanalyse.de\/wp-content\/uploads\/Anwendungen2-300x262.jpg 300w\" sizes=\"(max-width: 381px) 100vw, 381px\" \/>Fehlerbehebung<\/h2>\n<ul style=\"list-style-type: circle;\">\n<li>ClimaCheck erm\u00f6glicht eine schnelle Fehlersuche und-beseitigung und\u00a0 minimiert die Technikerzeit vor Ort und Energiekosten, w\u00e4hrend die Lebensdauer der Anlage verl\u00e4ngert wird.<\/li>\n<\/ul>\n<h2>Pr\u00e4ventive Wartung und Service<\/h2>\n<ul style=\"list-style-type: circle;\">\n<li>ClimaCheck kann zur vor\u00fcbergehenden oder st\u00e4ndigen \u00dcberwachung von K\u00fchl- und Heizsystemen verwendet werden.<\/li>\n<li>Vordefinierte Performancereports und \u00a0Alarmlevel gew\u00e4hrleisten eine effektive \u00dcberwachung des \u00a0wirtschaftlichen Betriebs der Anlagen.<\/li>\n<\/ul>\n","protected":false},"excerpt":{"rendered":"<p>Die ClimaCheck Performance Analyser Pro dient dazu, alle Arten von Kompressor angetrieben K\u00e4lte- und Klimaanlagen und W\u00e4rmepumpen zu evaluieren. Die&hellip;<\/p>\n","protected":false},"author":1,"featured_media":0,"parent":0,"menu_order":0,"comment_status":"closed","ping_status":"closed","template":"","meta":[],"_links":{"self":[{"href":"https:\/\/kuehlanalyse.de\/index.php\/wp-json\/wp\/v2\/pages\/78"}],"collection":[{"href":"https:\/\/kuehlanalyse.de\/index.php\/wp-json\/wp\/v2\/pages"}],"about":[{"href":"https:\/\/kuehlanalyse.de\/index.php\/wp-json\/wp\/v2\/types\/page"}],"author":[{"embeddable":true,"href":"https:\/\/kuehlanalyse.de\/index.php\/wp-json\/wp\/v2\/users\/1"}],"replies":[{"embeddable":true,"href":"https:\/\/kuehlanalyse.de\/index.php\/wp-json\/wp\/v2\/comments?post=78"}],"version-history":[{"count":5,"href":"https:\/\/kuehlanalyse.de\/index.php\/wp-json\/wp\/v2\/pages\/78\/revisions"}],"predecessor-version":[{"id":137,"href":"https:\/\/kuehlanalyse.de\/index.php\/wp-json\/wp\/v2\/pages\/78\/revisions\/137"}],"wp:attachment":[{"href":"https:\/\/kuehlanalyse.de\/index.php\/wp-json\/wp\/v2\/media?parent=78"}],"curies":[{"name":"wp","href":"https:\/\/api.w.org\/{rel}","templated":true}]}}