{"id":68,"date":"2018-10-11T16:05:07","date_gmt":"2018-10-11T14:05:07","guid":{"rendered":"https:\/\/kuehlanalyse.de\/wp2018\/?page_id=68"},"modified":"2018-10-11T17:47:20","modified_gmt":"2018-10-11T15:47:20","slug":"elektrik","status":"publish","type":"page","link":"https:\/\/kuehlanalyse.de\/index.php\/elektrik\/","title":{"rendered":"Elektrik"},"content":{"rendered":"<p><strong>Warum ein TN-S System? <\/strong><\/p>\n<p>Vernetzung ist ein absoluter Haupttrend in der heutigen Zeit. Dieser Trend macht auch\u00a0nicht vor der K\u00e4ltetechnik halt. Bei der Vernetzung von K\u00fchlstellen-,\u00a0Verfl\u00fcssigungs- und Verbundreglern mit Gateways k\u00f6nnen bei fehlerhafter Installation gro\u00dfe Str\u00f6me auf den Schirmen flie\u00dfen.<br \/>\nDies gilt es zu vermeiden, da sonst die Elektronik Schaden nehmen k\u00f6nnte.<br \/>\nDiesen Fakt gilt besonders f\u00fcr die Errichtung eines Firmennetzwerkes zu beachten. Unsachgem\u00e4\u00dfe Installation f\u00fchren zu gro\u00dfen Str\u00f6men auf PE- und PA -Leitern. Ausreichende Sachkenntnis voraussetzt: Messen Sie doch mal den &#8220;Fehlerstrom&#8221; auf Ihren PE- und PA-Leitern. Selbst in Reihenh\u00e4usern neuerer Bauart sind gro\u00dfe Str\u00f6me m\u00f6glich. Der GRUND: Die Moniereisen der Bodenplatten der H\u00e4user sind miteinander verbunden und so elektrisch leitf\u00e4hig. Vom Trafoh\u00e4uschen kommen ja zwei vieradrige Leitungen mit PEN-Leiter. F\u00fcr jedes Haus eine Zuleitung. Der PEN ist immer mit dem Fundamenterder und damit mit dem Moniereisen verbunden. Je nach momentaner elektrischer Leistung in den H\u00e4usern flie\u00dft so ein teilweise erheblicher Strom&#8230;<\/p>\n<p>Dieser sollte keinesfalls Ihre Computerkommunikation st\u00f6ren oder die die Hardware zerst\u00f6ren. Um vor dem Schaden klug zu sein hei\u00dft es hier, einen Fachmann fragen.<\/p>\n<p><img loading=\"lazy\" class=\"alignnone size-full wp-image-165\" src=\"https:\/\/kuehlanalyse.de\/wp2018\/wp-content\/uploads\/elektrik.jpg\" alt=\"\" width=\"605\" height=\"480\" srcset=\"https:\/\/kuehlanalyse.de\/wp-content\/uploads\/elektrik.jpg 605w, https:\/\/kuehlanalyse.de\/wp-content\/uploads\/elektrik-300x238.jpg 300w\" sizes=\"(max-width: 605px) 100vw, 605px\" \/><\/p>\n","protected":false},"excerpt":{"rendered":"<p>Warum ein TN-S System? Vernetzung ist ein absoluter Haupttrend in der heutigen Zeit. Dieser Trend macht auch\u00a0nicht vor der K\u00e4ltetechnik&hellip;<\/p>\n","protected":false},"author":1,"featured_media":0,"parent":0,"menu_order":0,"comment_status":"closed","ping_status":"closed","template":"","meta":[],"_links":{"self":[{"href":"https:\/\/kuehlanalyse.de\/index.php\/wp-json\/wp\/v2\/pages\/68"}],"collection":[{"href":"https:\/\/kuehlanalyse.de\/index.php\/wp-json\/wp\/v2\/pages"}],"about":[{"href":"https:\/\/kuehlanalyse.de\/index.php\/wp-json\/wp\/v2\/types\/page"}],"author":[{"embeddable":true,"href":"https:\/\/kuehlanalyse.de\/index.php\/wp-json\/wp\/v2\/users\/1"}],"replies":[{"embeddable":true,"href":"https:\/\/kuehlanalyse.de\/index.php\/wp-json\/wp\/v2\/comments?post=68"}],"version-history":[{"count":2,"href":"https:\/\/kuehlanalyse.de\/index.php\/wp-json\/wp\/v2\/pages\/68\/revisions"}],"predecessor-version":[{"id":175,"href":"https:\/\/kuehlanalyse.de\/index.php\/wp-json\/wp\/v2\/pages\/68\/revisions\/175"}],"wp:attachment":[{"href":"https:\/\/kuehlanalyse.de\/index.php\/wp-json\/wp\/v2\/media?parent=68"}],"curies":[{"name":"wp","href":"https:\/\/api.w.org\/{rel}","templated":true}]}}