{"id":66,"date":"2018-10-11T16:04:58","date_gmt":"2018-10-11T14:04:58","guid":{"rendered":"https:\/\/kuehlanalyse.de\/wp2018\/?page_id=66"},"modified":"2018-10-11T17:54:13","modified_gmt":"2018-10-11T15:54:13","slug":"mischungsluecken","status":"publish","type":"page","link":"https:\/\/kuehlanalyse.de\/index.php\/mischungsluecken\/","title":{"rendered":"Mischungsl\u00fccken"},"content":{"rendered":"<p><strong>Allgemeines zu Mischungsl\u00fccken<\/strong><\/p>\n<p>In einer KA kommen grunds\u00e4tzlich gibt es 2 verschiedene Arten von Mischungsl\u00fccken vor:<\/p>\n<ul>\n<li>K\u00c4LTEMITTEL-\u00d6l im fl\u00fcssigen K\u00c4LTEMITTEL gel\u00f6st (z.B. Sammler)<\/li>\n<li>K\u00c4LTEMITTEL im \u00d6l gel\u00f6st (z.B. Verdampfer)<\/li>\n<\/ul>\n<p>Wieviel \u00d6l sich im fl\u00fcssigen K\u00c4LTEMITTEL l\u00f6st, ist nur temperaturabh\u00e4ngig.<\/p>\n<p>Die Mischung von K\u00c4LTEMITTEL im \u00d6l ist abh\u00e4ngig<\/p>\n<ul>\n<li>vom Druck und<\/li>\n<li>von der Temperatur.<\/li>\n<\/ul>\n<p><img loading=\"lazy\" class=\"alignright size-full wp-image-168\" src=\"https:\/\/kuehlanalyse.de\/wp2018\/wp-content\/uploads\/Mischungsl\u00fccken1.jpg\" alt=\"\" width=\"254\" height=\"158\" \/>Mit steigendem Druck und sinkender Temperatur kann mehr K\u00c4LTEMITTEL im \u00d6l gel\u00f6st werden.<\/p>\n<p>Diesen Zusammenhang kann man im Verdampfer besonders gut beobachtet werden. Zu Beginn des Verdampfers, ist der Gew.% \u00d6l in der fl\u00fcssigen Phase unter 1% und nimmt in Richtung Verdampfer-Austritt immer mehr zu. Am Verdampfer-Ende ist alles K\u00c4LTEMITTEL verdampft. Das \u00d6l ist entsprechend dem Druck und der Temperatur mit K\u00e4ltemittel ges\u00e4ttigt.<\/p>\n","protected":false},"excerpt":{"rendered":"<p>Allgemeines zu Mischungsl\u00fccken In einer KA kommen grunds\u00e4tzlich gibt es 2 verschiedene Arten von Mischungsl\u00fccken vor: K\u00c4LTEMITTEL-\u00d6l im fl\u00fcssigen K\u00c4LTEMITTEL&hellip;<\/p>\n","protected":false},"author":1,"featured_media":0,"parent":0,"menu_order":0,"comment_status":"closed","ping_status":"closed","template":"","meta":[],"_links":{"self":[{"href":"https:\/\/kuehlanalyse.de\/index.php\/wp-json\/wp\/v2\/pages\/66"}],"collection":[{"href":"https:\/\/kuehlanalyse.de\/index.php\/wp-json\/wp\/v2\/pages"}],"about":[{"href":"https:\/\/kuehlanalyse.de\/index.php\/wp-json\/wp\/v2\/types\/page"}],"author":[{"embeddable":true,"href":"https:\/\/kuehlanalyse.de\/index.php\/wp-json\/wp\/v2\/users\/1"}],"replies":[{"embeddable":true,"href":"https:\/\/kuehlanalyse.de\/index.php\/wp-json\/wp\/v2\/comments?post=66"}],"version-history":[{"count":2,"href":"https:\/\/kuehlanalyse.de\/index.php\/wp-json\/wp\/v2\/pages\/66\/revisions"}],"predecessor-version":[{"id":178,"href":"https:\/\/kuehlanalyse.de\/index.php\/wp-json\/wp\/v2\/pages\/66\/revisions\/178"}],"wp:attachment":[{"href":"https:\/\/kuehlanalyse.de\/index.php\/wp-json\/wp\/v2\/media?parent=66"}],"curies":[{"name":"wp","href":"https:\/\/api.w.org\/{rel}","templated":true}]}}