{"id":64,"date":"2018-10-11T16:04:52","date_gmt":"2018-10-11T14:04:52","guid":{"rendered":"https:\/\/kuehlanalyse.de\/wp2018\/?page_id=64"},"modified":"2018-10-11T17:53:27","modified_gmt":"2018-10-11T15:53:27","slug":"lecksuche","status":"publish","type":"page","link":"https:\/\/kuehlanalyse.de\/index.php\/lecksuche\/","title":{"rendered":"Lecksuche"},"content":{"rendered":"<p>Die Lecksuche ist ein, von vielen Betreibern v\u00f6llig untersch\u00e4tzter Bestandsteil der notwendigen Wartung einer K\u00e4lte- oder Klimaanlage. Nicht nur aus \u00f6kologischer, sondern auch aus \u00f6konomischer Sicht sind undichte K\u00e4lteanlagen eine kleine Katastrophe. Gro\u00dfe Undichten von z. Bsp. mehr 100kg verursachen f\u00fcr sich alleine betrachtet, einen immensen Schaden.<br \/>\nSolch gro\u00dfe Lecks sind aber eher die Ausnahme. Viel h\u00e4ufiger sind aber kleine, schleichende Lecks. Werden diese nicht erkannt, so entstehen gro\u00dfe M\u00e4ngel im Laufzeitverhalten der Anlage. Verdampfungsdruck, Ansaugdichte,\u00a0K\u00e4lteleistung und Energieeffizienz sinken. Laufzeit und Energiebedarf und damit die Energiekosten steigen, h\u00e4ufig v\u00f6llig unbemerkt.<br \/>\nRegelm\u00e4\u00dfige Wartung und Lecksuche, vor allem aber Anlagenmonitoring schaffen hier Abhilfe.<\/p>\n<p>Neu: Seit 1.1.2015\u00a0\u00e4ndern sich Pr\u00fcfintervalle der Dichtheitspr\u00fcfung. Grundlage f\u00fcr die Festlegung der Pr\u00fcfintervalle ist nun das CO2-\u00c4quivalent der K\u00e4ltemittelf\u00fcllmenge des K\u00e4ltemittels in der Anlage:<\/p>\n<ul>\n<li>ab 5t CO2-\u00c4quivalent: j\u00e4hrliche Pr\u00fcfung<\/li>\n<li>ab 50t CO2-\u00c4quivalent: halbj\u00e4hrliche Pr\u00fcfung<\/li>\n<li>ab 500t CO2-\u00c4quivalent: 1\/4-j\u00e4hrliche Pr\u00fcfung<\/li>\n<\/ul>\n<p>Das CO2-\u00c4quivalent berechnet sich aus dem Produkt des GWP (Global Warming Potential) des K\u00e4ltemittels und der F\u00fcllmenge.<\/p>\n<p>CO2-\u00c4quivalent= GWP x F\u00fcllmenge<\/p>\n<p>Hier ein kleines Rechenbeispiel :<\/p>\n<p>Eine Anlage ist mit 2,5 kg R404A gef\u00fcllt. Eine Dichtheitspr\u00fcfung war bisher nicht notwendig. \u00a0Das GWP von R404A betr\u00e4gt 3922.<\/p>\n<p>CO2-\u00c4quivalent= 3922 kg CO2\/kg KM x 2.5 kg KM<\/p>\n<p>CO2-\u00c4quivalent=9805 kg CO2<\/p>\n<p>Dies bedeutet der Treibhauseffekt von 2,5 kg R404A entspricht 9805 kg CO2 bzw. 9.805 t CO2-\u00c4quivalent.<\/p>\n<p>Nach neuer Gesetzeslage ist damit die Anlage j\u00e4hrlich zu \u00fcberpr\u00fcfen.<\/p>\n<p>Bei Installation eines Leckageerkennungssystems halbiert sich die Pr\u00fcffrist. Die j\u00e4hrlich Pr\u00fcfung bleibt aber Pflicht.<\/p>\n<p><img loading=\"lazy\" class=\"alignnone size-full wp-image-167\" src=\"https:\/\/kuehlanalyse.de\/wp2018\/wp-content\/uploads\/Lecksuche.jpg\" alt=\"\" width=\"353\" height=\"952\" srcset=\"https:\/\/kuehlanalyse.de\/wp-content\/uploads\/Lecksuche.jpg 353w, https:\/\/kuehlanalyse.de\/wp-content\/uploads\/Lecksuche-111x300.jpg 111w\" sizes=\"(max-width: 353px) 100vw, 353px\" \/><\/p>\n","protected":false},"excerpt":{"rendered":"<p>Die Lecksuche ist ein, von vielen Betreibern v\u00f6llig untersch\u00e4tzter Bestandsteil der notwendigen Wartung einer K\u00e4lte- oder Klimaanlage. Nicht nur aus&hellip;<\/p>\n","protected":false},"author":1,"featured_media":0,"parent":0,"menu_order":0,"comment_status":"closed","ping_status":"closed","template":"","meta":[],"_links":{"self":[{"href":"https:\/\/kuehlanalyse.de\/index.php\/wp-json\/wp\/v2\/pages\/64"}],"collection":[{"href":"https:\/\/kuehlanalyse.de\/index.php\/wp-json\/wp\/v2\/pages"}],"about":[{"href":"https:\/\/kuehlanalyse.de\/index.php\/wp-json\/wp\/v2\/types\/page"}],"author":[{"embeddable":true,"href":"https:\/\/kuehlanalyse.de\/index.php\/wp-json\/wp\/v2\/users\/1"}],"replies":[{"embeddable":true,"href":"https:\/\/kuehlanalyse.de\/index.php\/wp-json\/wp\/v2\/comments?post=64"}],"version-history":[{"count":2,"href":"https:\/\/kuehlanalyse.de\/index.php\/wp-json\/wp\/v2\/pages\/64\/revisions"}],"predecessor-version":[{"id":177,"href":"https:\/\/kuehlanalyse.de\/index.php\/wp-json\/wp\/v2\/pages\/64\/revisions\/177"}],"wp:attachment":[{"href":"https:\/\/kuehlanalyse.de\/index.php\/wp-json\/wp\/v2\/media?parent=64"}],"curies":[{"name":"wp","href":"https:\/\/api.w.org\/{rel}","templated":true}]}}