{"id":62,"date":"2018-10-11T16:04:47","date_gmt":"2018-10-11T14:04:47","guid":{"rendered":"https:\/\/kuehlanalyse.de\/wp2018\/?page_id=62"},"modified":"2018-10-11T17:56:10","modified_gmt":"2018-10-11T15:56:10","slug":"ueberhitzungsverhaeltnis","status":"publish","type":"page","link":"https:\/\/kuehlanalyse.de\/index.php\/ueberhitzungsverhaeltnis\/","title":{"rendered":"\u00dcberhitzungsverh\u00e4ltnis"},"content":{"rendered":"<h2>Das \u00dcberhitzungsverh\u00e4ltnis &#8211; Allgemeines<\/h2>\n<p>Das \u00dcberhitzungsverh\u00e4ltnis ist ein K\u00f6nigsparameter zur Beurteilung des Arbeitsverhaltens eines Verdampfers. Sowohl die Ausnutzung des Verdampfers als auch die Arbeitsweise des Einspritzventil l\u00e4sst damit beurteilen.<\/p>\n<p>Das \u00dcberhitzungsverh\u00e4ltnis ist ein extrem sensitiver Parameter, bei dem schon bei geringen Instabilit\u00e4ten der Anlage gro\u00dfe Ausschl\u00e4ge zu beobachten sind.<\/p>\n<p>Ebenfalls wichtig: Nur bei Nenn\u00fcberhitzungsverh\u00e4ltnis (ca. 62,5 &#8230;65%) hat der Verdampfer seine Nenndaten.<\/p>\n<p>Besch\u00e4ftigen Sie sich mit diesem Parameter. Es lohnt sich!<\/p>\n<p><img loading=\"lazy\" class=\"alignnone wp-image-169 size-full\" src=\"https:\/\/kuehlanalyse.de\/wp2018\/wp-content\/uploads\/uev1.jpg\" alt=\"\" width=\"605\" height=\"745\" srcset=\"https:\/\/kuehlanalyse.de\/wp-content\/uploads\/uev1.jpg 605w, https:\/\/kuehlanalyse.de\/wp-content\/uploads\/uev1-244x300.jpg 244w\" sizes=\"(max-width: 605px) 100vw, 605px\" \/><\/p>\n<h2>Das \u00dcberhitzungsverh\u00e4ltnis &#8211; Der Verdampfer bei Teillast<\/h2>\n<p>Das \u00dcberhitzungsverh\u00e4ltnis ist ein K\u00f6nigsparameter zur Beurteilung des Arbeitsverhaltens eines Verdampfers. Sowohl die Ausnutzung des Verdampfers als auch die Arbeitsweise des Einspritzventil l\u00e4sst damit beurteilen.<\/p>\n<p>Bei Verdampfern k\u00f6nnen (speziell bei Plattenw\u00e4rmetauschern) Probleme auftreten. M\u00f6gliche Probleme sind z.B. Kurzschl\u00fcsse der Kan\u00e4le mit den geringsten Str\u00f6mungswiderst\u00e4nden. Diese k\u00f6nnen in Hunting resultieren.<\/p>\n<p>Ebenfalls wichtig: Nur bei Nenn\u00fcberhitzungsverh\u00e4ltnis (ca. 62,5 &#8230;65%) hat der Verdampfer seine Nenndaten.<\/p>\n<p>Besch\u00e4ftigen Sie sich mit diesem Parameter. Es lohnt sich!<\/p>\n<p><img loading=\"lazy\" class=\"alignnone wp-image-170 size-full\" src=\"https:\/\/kuehlanalyse.de\/wp2018\/wp-content\/uploads\/uev2.jpg\" alt=\"\" width=\"605\" height=\"492\" srcset=\"https:\/\/kuehlanalyse.de\/wp-content\/uploads\/uev2.jpg 605w, https:\/\/kuehlanalyse.de\/wp-content\/uploads\/uev2-300x244.jpg 300w\" sizes=\"(max-width: 605px) 100vw, 605px\" \/><\/p>\n<h2>Hunting<\/h2>\n<p>Hunting kommt aus dem Englischen und bedeutet soviel wie jagen. Gemeint ist in der K\u00e4ltetechnik, dass das TEV keinen stabilen Betriebspunkt findet. Das Hunting kann verschiedene Ursachen haben. Eine ganz h\u00e4ufige Ursache ist eine zu gro\u00dfe D\u00fcse. Sobald das Ventil \u00f6ffnet wird zu viel K\u00e4ltemittel in den Verdampfer eingespritzt. Dieses K\u00e4ltemittel kann nicht vollst\u00e4ndig verdampft werden. Die \u00dcberhitzung des K\u00e4ltemittels am Verdampferausgang bricht zusammen. Das Ventil schlie\u00dft. Nach dem Verdampfen des K\u00e4ltemittels steigt die \u00dcberhitzung. Das Ventil \u00f6ffnet und spritzt selbstverst\u00e4ndlich wieder zuviel K\u00e4ltemittel in den Verdampfer. Der Vorgang wiederholt sich laufend.\u00a0 Der Einbau einer kleineren D\u00fcse ist unvermeidbar.<\/p>\n<p>F\u00fcr das Hunting eines TEV&#8217;s kann nat\u00fcrlich noch andere Ursachen geben. Im Mindmap sind einige Handlungsm\u00f6glichkeiten aufgezeigt.<\/p>\n<p><img loading=\"lazy\" class=\"alignnone size-full wp-image-171\" src=\"https:\/\/kuehlanalyse.de\/wp2018\/wp-content\/uploads\/uev3.jpg\" alt=\"\" width=\"605\" height=\"376\" srcset=\"https:\/\/kuehlanalyse.de\/wp-content\/uploads\/uev3.jpg 605w, https:\/\/kuehlanalyse.de\/wp-content\/uploads\/uev3-300x186.jpg 300w\" sizes=\"(max-width: 605px) 100vw, 605px\" \/><\/p>\n<h2>Das TEV einstellen &#8211; Voraussetzungen!<\/h2>\n<p>Die Einstellung des TEV&#8217;s ist rein mechanisch gesehen eine sehr einfache Sache. Allerdings sind schon bei den notwendigen Grundvoraussetzungen viele Dinge zu beachten. Sind die folgenden Grundvoraussetzungen nicht erf\u00fcllt, so kann\u00a0auch die Einstellung nicht fachm\u00e4nnisch erfolgen und sogar Schaden anrichten.<\/p>\n<p>Beachten Sie, eine korrekte Ventileinstellung ben\u00f6tigt Zeit, auch zur Kontrolle der korrekten Funktion!<\/p>\n<p><img loading=\"lazy\" class=\"alignnone size-full wp-image-172\" src=\"https:\/\/kuehlanalyse.de\/wp2018\/wp-content\/uploads\/uev4.jpg\" alt=\"\" width=\"605\" height=\"344\" srcset=\"https:\/\/kuehlanalyse.de\/wp-content\/uploads\/uev4.jpg 605w, https:\/\/kuehlanalyse.de\/wp-content\/uploads\/uev4-300x171.jpg 300w\" sizes=\"(max-width: 605px) 100vw, 605px\" \/><\/p>\n","protected":false},"excerpt":{"rendered":"<p>Das \u00dcberhitzungsverh\u00e4ltnis &#8211; Allgemeines Das \u00dcberhitzungsverh\u00e4ltnis ist ein K\u00f6nigsparameter zur Beurteilung des Arbeitsverhaltens eines Verdampfers. Sowohl die Ausnutzung des Verdampfers&hellip;<\/p>\n","protected":false},"author":1,"featured_media":0,"parent":0,"menu_order":0,"comment_status":"closed","ping_status":"closed","template":"","meta":[],"_links":{"self":[{"href":"https:\/\/kuehlanalyse.de\/index.php\/wp-json\/wp\/v2\/pages\/62"}],"collection":[{"href":"https:\/\/kuehlanalyse.de\/index.php\/wp-json\/wp\/v2\/pages"}],"about":[{"href":"https:\/\/kuehlanalyse.de\/index.php\/wp-json\/wp\/v2\/types\/page"}],"author":[{"embeddable":true,"href":"https:\/\/kuehlanalyse.de\/index.php\/wp-json\/wp\/v2\/users\/1"}],"replies":[{"embeddable":true,"href":"https:\/\/kuehlanalyse.de\/index.php\/wp-json\/wp\/v2\/comments?post=62"}],"version-history":[{"count":3,"href":"https:\/\/kuehlanalyse.de\/index.php\/wp-json\/wp\/v2\/pages\/62\/revisions"}],"predecessor-version":[{"id":180,"href":"https:\/\/kuehlanalyse.de\/index.php\/wp-json\/wp\/v2\/pages\/62\/revisions\/180"}],"wp:attachment":[{"href":"https:\/\/kuehlanalyse.de\/index.php\/wp-json\/wp\/v2\/media?parent=62"}],"curies":[{"name":"wp","href":"https:\/\/api.w.org\/{rel}","templated":true}]}}