{"id":60,"date":"2018-10-11T16:04:39","date_gmt":"2018-10-11T14:04:39","guid":{"rendered":"https:\/\/kuehlanalyse.de\/wp2018\/?page_id=60"},"modified":"2018-10-11T17:52:48","modified_gmt":"2018-10-11T15:52:48","slug":"energiespartipps-kaltwassersaetze","status":"publish","type":"page","link":"https:\/\/kuehlanalyse.de\/index.php\/energiespartipps-kaltwassersaetze\/","title":{"rendered":"Energiespartipps Kaltwassers\u00e4tze"},"content":{"rendered":"<p>Sie haben einen Kaltwassersatz.\u00a0 Sie planen einen selbigen?\u00a0 In unten stehen Bild sind einige Vorschl\u00e4ge f\u00fcr Sie, die Sie bei der Planung des Kaltwassersatzes beachten sollten, um unn\u00f6tige Mehrkosten zu verhindern und Anlagenausf\u00e4lle reduzieren.<\/p>\n<p>Wenn Sie beispielsweise einen wassergek\u00fchlten Kaltwassersatz haben, dann haben Sie unterschiedliche M\u00f6glichkeiten zur R\u00fcckk\u00fchlung, zum Beispiel:<\/p>\n<ul>\n<li>Offner K\u00fchlturm<\/li>\n<li>Geschlossener K\u00fchlturm<\/li>\n<li>Luftgek\u00fchlte R\u00fcckk\u00fchler<\/li>\n<li>Luftgek\u00fchlte R\u00fcckk\u00fchler mir adiabater Bespr\u00fchung<\/li>\n<li>R\u00fcckk\u00fchlung im Abluftkanal<\/li>\n<li>R\u00fcckk\u00fchlung im Kreislaufverbundsystem mit 3-stufiges adiabates System.<\/li>\n<\/ul>\n<p>Je nach Standort und Aufstellung kann man von ca. 500 bis 2000 Stunden adiabater Bespr\u00fchung ausgehen. Die Notwendigkeit einer Bespr\u00fchung ergibt sich auch den eingesetzten Verdichtertypen. Hier sind speziell die Einsatzgrenzen zu beachten.<\/p>\n<p>Sie sollten sich auch Gedanken \u00fcber die Ansteuerung des Kaltwassersatzes und der R\u00fcckk\u00fchlung durch Ihr eignes GLT-Programm machen oder eben einer herstellereignen L\u00f6sung vertrauen.<\/p>\n<p>Achten Sie bitte auch darauf, dass die \u00dcberdimensionierung der K\u00e4ltemaschinen verhindert wird! Von entscheidender Bedeutung ist auch die genaue \u00dcberpr\u00fcfung der tats\u00e4chlichen Grundlast. Hier werden h\u00e4ufig Fehler gemacht.<\/p>\n<p>Eine gro\u00dfz\u00fcgige Auslegung der R\u00fcckk\u00fchlwerke ist wichtig um eine extra leise und effiziente Ausf\u00fchrung zu erhalten. Bei Dachaufstellung mit starker Sonneneinstrahlung ist unbedingt eine adiabate Bespr\u00fchung im Lufteintritt der R\u00fcckk\u00fchler vorzusehen.<\/p>\n<p><img loading=\"lazy\" class=\"alignnone size-full wp-image-166\" src=\"https:\/\/kuehlanalyse.de\/wp2018\/wp-content\/uploads\/KWS1.jpg\" alt=\"\" width=\"605\" height=\"1331\" srcset=\"https:\/\/kuehlanalyse.de\/wp-content\/uploads\/KWS1.jpg 605w, https:\/\/kuehlanalyse.de\/wp-content\/uploads\/KWS1-136x300.jpg 136w, https:\/\/kuehlanalyse.de\/wp-content\/uploads\/KWS1-465x1024.jpg 465w\" sizes=\"(max-width: 605px) 100vw, 605px\" \/><\/p>\n","protected":false},"excerpt":{"rendered":"<p>Sie haben einen Kaltwassersatz.\u00a0 Sie planen einen selbigen?\u00a0 In unten stehen Bild sind einige Vorschl\u00e4ge f\u00fcr Sie, die Sie bei&hellip;<\/p>\n","protected":false},"author":1,"featured_media":0,"parent":0,"menu_order":0,"comment_status":"closed","ping_status":"closed","template":"","meta":[],"_links":{"self":[{"href":"https:\/\/kuehlanalyse.de\/index.php\/wp-json\/wp\/v2\/pages\/60"}],"collection":[{"href":"https:\/\/kuehlanalyse.de\/index.php\/wp-json\/wp\/v2\/pages"}],"about":[{"href":"https:\/\/kuehlanalyse.de\/index.php\/wp-json\/wp\/v2\/types\/page"}],"author":[{"embeddable":true,"href":"https:\/\/kuehlanalyse.de\/index.php\/wp-json\/wp\/v2\/users\/1"}],"replies":[{"embeddable":true,"href":"https:\/\/kuehlanalyse.de\/index.php\/wp-json\/wp\/v2\/comments?post=60"}],"version-history":[{"count":2,"href":"https:\/\/kuehlanalyse.de\/index.php\/wp-json\/wp\/v2\/pages\/60\/revisions"}],"predecessor-version":[{"id":176,"href":"https:\/\/kuehlanalyse.de\/index.php\/wp-json\/wp\/v2\/pages\/60\/revisions\/176"}],"wp:attachment":[{"href":"https:\/\/kuehlanalyse.de\/index.php\/wp-json\/wp\/v2\/media?parent=60"}],"curies":[{"name":"wp","href":"https:\/\/api.w.org\/{rel}","templated":true}]}}