{"id":58,"date":"2018-10-11T16:04:32","date_gmt":"2018-10-11T14:04:32","guid":{"rendered":"https:\/\/kuehlanalyse.de\/wp2018\/?page_id=58"},"modified":"2018-10-11T17:45:10","modified_gmt":"2018-10-11T15:45:10","slug":"anlagenleistungen-uebersicht","status":"publish","type":"page","link":"https:\/\/kuehlanalyse.de\/index.php\/anlagenleistungen-uebersicht\/","title":{"rendered":"Anlagenleistungen \u00dcbersicht"},"content":{"rendered":"<p>Die Gr\u00f6\u00dfe einer Anlage ist nat\u00fcrlich immer relativ. Je nach Einsatzbereich, ob privat, Gewerbe oder Industrie k\u00f6nnen die Anlagengr\u00f6\u00dfen stark variieren.<\/p>\n<p>Hier sind einige Beispiele:<\/p>\n<p><img loading=\"lazy\" class=\"alignnone size-full wp-image-164\" src=\"https:\/\/kuehlanalyse.de\/wp2018\/wp-content\/uploads\/Anlagengroesse.jpg\" alt=\"\" width=\"755\" height=\"1382\" srcset=\"https:\/\/kuehlanalyse.de\/wp-content\/uploads\/Anlagengroesse.jpg 755w, https:\/\/kuehlanalyse.de\/wp-content\/uploads\/Anlagengroesse-164x300.jpg 164w, https:\/\/kuehlanalyse.de\/wp-content\/uploads\/Anlagengroesse-559x1024.jpg 559w\" sizes=\"(max-width: 755px) 100vw, 755px\" \/><\/p>\n","protected":false},"excerpt":{"rendered":"<p>Die Gr\u00f6\u00dfe einer Anlage ist nat\u00fcrlich immer relativ. Je nach Einsatzbereich, ob privat, Gewerbe oder Industrie k\u00f6nnen die Anlagengr\u00f6\u00dfen stark&hellip;<\/p>\n","protected":false},"author":1,"featured_media":0,"parent":0,"menu_order":0,"comment_status":"closed","ping_status":"closed","template":"","meta":[],"_links":{"self":[{"href":"https:\/\/kuehlanalyse.de\/index.php\/wp-json\/wp\/v2\/pages\/58"}],"collection":[{"href":"https:\/\/kuehlanalyse.de\/index.php\/wp-json\/wp\/v2\/pages"}],"about":[{"href":"https:\/\/kuehlanalyse.de\/index.php\/wp-json\/wp\/v2\/types\/page"}],"author":[{"embeddable":true,"href":"https:\/\/kuehlanalyse.de\/index.php\/wp-json\/wp\/v2\/users\/1"}],"replies":[{"embeddable":true,"href":"https:\/\/kuehlanalyse.de\/index.php\/wp-json\/wp\/v2\/comments?post=58"}],"version-history":[{"count":2,"href":"https:\/\/kuehlanalyse.de\/index.php\/wp-json\/wp\/v2\/pages\/58\/revisions"}],"predecessor-version":[{"id":174,"href":"https:\/\/kuehlanalyse.de\/index.php\/wp-json\/wp\/v2\/pages\/58\/revisions\/174"}],"wp:attachment":[{"href":"https:\/\/kuehlanalyse.de\/index.php\/wp-json\/wp\/v2\/media?parent=58"}],"curies":[{"name":"wp","href":"https:\/\/api.w.org\/{rel}","templated":true}]}}