{"id":56,"date":"2018-10-11T16:04:25","date_gmt":"2018-10-11T14:04:25","guid":{"rendered":"https:\/\/kuehlanalyse.de\/wp2018\/?page_id=56"},"modified":"2018-10-11T17:44:43","modified_gmt":"2018-10-11T15:44:43","slug":"anlagendokumentation","status":"publish","type":"page","link":"https:\/\/kuehlanalyse.de\/index.php\/anlagendokumentation\/","title":{"rendered":"Anlagendokumentation"},"content":{"rendered":"<p>Die Anlagendokumentation hilft in jeder Situation, nicht nur vor Ort. Stellen Sie sich bitte vor, Sie haben eine Aufzeichnung eines Datenloggers. Jetzt m\u00f6chten Sie die Daten und Kurven analysieren. Jede m\u00f6gliche erdenkliche Information kann helfen, den Datenlog besser zu interpretieren. Achten Sie bitte nicht nur auf die zu erfassenden gesetzlich vorgeschriebenen Anlagendaten, sondern auch auf die f\u00fcr Siehilfreichen Daten beim Troubleshooting.<\/p>\n<p>Beispiel: Sie sollen eine routinem\u00e4\u00dfige Lecksuche in einer weit verzweigten Anlage durchf\u00fchren. In jeden Fall hilfreich w\u00e4re jetzt eine Bauzeichnung mit den w\u00e4hrend der Montage erstellten Verbindungsstellen, wie die L\u00f6t- und B\u00f6rdelstellen&#8230;<\/p>\n<p><strong>Sammeln Sie<\/strong> also immer\u00a0<strong>Informationen\u00a0<\/strong>zu Ihrer Anlage. Siewissen\u00a0nie, in welcher Situation Sie diese ben\u00f6tigen.<\/p>\n<p><img loading=\"lazy\" class=\"alignnone size-full wp-image-163\" src=\"https:\/\/kuehlanalyse.de\/wp2018\/wp-content\/uploads\/Anlagendokumentation.jpg\" alt=\"\" width=\"340\" height=\"952\" srcset=\"https:\/\/kuehlanalyse.de\/wp-content\/uploads\/Anlagendokumentation.jpg 340w, https:\/\/kuehlanalyse.de\/wp-content\/uploads\/Anlagendokumentation-107x300.jpg 107w\" sizes=\"(max-width: 340px) 100vw, 340px\" \/><\/p>\n","protected":false},"excerpt":{"rendered":"<p>Die Anlagendokumentation hilft in jeder Situation, nicht nur vor Ort. Stellen Sie sich bitte vor, Sie haben eine Aufzeichnung eines&hellip;<\/p>\n","protected":false},"author":1,"featured_media":0,"parent":0,"menu_order":0,"comment_status":"closed","ping_status":"closed","template":"","meta":[],"_links":{"self":[{"href":"https:\/\/kuehlanalyse.de\/index.php\/wp-json\/wp\/v2\/pages\/56"}],"collection":[{"href":"https:\/\/kuehlanalyse.de\/index.php\/wp-json\/wp\/v2\/pages"}],"about":[{"href":"https:\/\/kuehlanalyse.de\/index.php\/wp-json\/wp\/v2\/types\/page"}],"author":[{"embeddable":true,"href":"https:\/\/kuehlanalyse.de\/index.php\/wp-json\/wp\/v2\/users\/1"}],"replies":[{"embeddable":true,"href":"https:\/\/kuehlanalyse.de\/index.php\/wp-json\/wp\/v2\/comments?post=56"}],"version-history":[{"count":2,"href":"https:\/\/kuehlanalyse.de\/index.php\/wp-json\/wp\/v2\/pages\/56\/revisions"}],"predecessor-version":[{"id":173,"href":"https:\/\/kuehlanalyse.de\/index.php\/wp-json\/wp\/v2\/pages\/56\/revisions\/173"}],"wp:attachment":[{"href":"https:\/\/kuehlanalyse.de\/index.php\/wp-json\/wp\/v2\/media?parent=56"}],"curies":[{"name":"wp","href":"https:\/\/api.w.org\/{rel}","templated":true}]}}