{"id":54,"date":"2018-10-11T16:04:19","date_gmt":"2018-10-11T14:04:19","guid":{"rendered":"https:\/\/kuehlanalyse.de\/wp2018\/?page_id=54"},"modified":"2018-10-11T17:43:03","modified_gmt":"2018-10-11T15:43:03","slug":"analyseanalyse","status":"publish","type":"page","link":"https:\/\/kuehlanalyse.de\/index.php\/analyseanalyse\/","title":{"rendered":"Analyseanalyse"},"content":{"rendered":"<p>Die Anlagenanalyse ist ein sehr komplexes Fachgebiet. Gedanken &#8211; Mindmaping beziehungsweise Checklisten k\u00f6nnen helfen diese teilweise doch komplexen T\u00e4tigkeiten zu vereinfachen und zu erleichtern. Ein besonderer Vorteil der Mindmaps ist die offene Struktur\u00a0und die einfache M\u00f6glichkeit der Erg\u00e4nzung und Vervollst\u00e4ndigung.<\/p>\n<p>Die Endpunkte dieser Gedankenkette sind\u00a0nat\u00fcrlich nicht der Endpunkt der \u00dcberlegung, sondern der Ansatzpunkt f\u00fcr ein eigentliches L\u00f6sungsm\u00f6glichkeiten-Mindmap.<\/p>\n<p>Das Mindmap ist aus Platzgr\u00fcnden nicht vollst\u00e4ndig und ist nur beispielhaft.<\/p>\n<p>Hinweis:\u00a0Denken Sie immer schriftlich und denken Sie in Concept- bzw. Mindmaps.<\/p>\n<p><img loading=\"lazy\" class=\"alignnone wp-image-161 size-full\" src=\"https:\/\/kuehlanalyse.de\/wp2018\/wp-content\/uploads\/Anlagenanalyse.jpg\" alt=\"\" width=\"605\" height=\"729\" srcset=\"https:\/\/kuehlanalyse.de\/wp-content\/uploads\/Anlagenanalyse.jpg 605w, https:\/\/kuehlanalyse.de\/wp-content\/uploads\/Anlagenanalyse-249x300.jpg 249w\" sizes=\"(max-width: 605px) 100vw, 605px\" \/><\/p>\n","protected":false},"excerpt":{"rendered":"<p>Die Anlagenanalyse ist ein sehr komplexes Fachgebiet. Gedanken &#8211; Mindmaping beziehungsweise Checklisten k\u00f6nnen helfen diese teilweise doch komplexen T\u00e4tigkeiten zu&hellip;<\/p>\n","protected":false},"author":1,"featured_media":0,"parent":0,"menu_order":0,"comment_status":"closed","ping_status":"closed","template":"","meta":[],"_links":{"self":[{"href":"https:\/\/kuehlanalyse.de\/index.php\/wp-json\/wp\/v2\/pages\/54"}],"collection":[{"href":"https:\/\/kuehlanalyse.de\/index.php\/wp-json\/wp\/v2\/pages"}],"about":[{"href":"https:\/\/kuehlanalyse.de\/index.php\/wp-json\/wp\/v2\/types\/page"}],"author":[{"embeddable":true,"href":"https:\/\/kuehlanalyse.de\/index.php\/wp-json\/wp\/v2\/users\/1"}],"replies":[{"embeddable":true,"href":"https:\/\/kuehlanalyse.de\/index.php\/wp-json\/wp\/v2\/comments?post=54"}],"version-history":[{"count":2,"href":"https:\/\/kuehlanalyse.de\/index.php\/wp-json\/wp\/v2\/pages\/54\/revisions"}],"predecessor-version":[{"id":162,"href":"https:\/\/kuehlanalyse.de\/index.php\/wp-json\/wp\/v2\/pages\/54\/revisions\/162"}],"wp:attachment":[{"href":"https:\/\/kuehlanalyse.de\/index.php\/wp-json\/wp\/v2\/media?parent=54"}],"curies":[{"name":"wp","href":"https:\/\/api.w.org\/{rel}","templated":true}]}}