{"id":26,"date":"2018-10-11T08:38:19","date_gmt":"2018-10-11T06:38:19","guid":{"rendered":"https:\/\/kuehlanalyse.de\/wp2018\/?page_id=26"},"modified":"2018-10-12T08:23:48","modified_gmt":"2018-10-12T06:23:48","slug":"hersteller","status":"publish","type":"page","link":"https:\/\/kuehlanalyse.de\/index.php\/hersteller\/","title":{"rendered":"Hersteller"},"content":{"rendered":"<p>Als\u00a0Hersteller\u00a0von\u00a0Ger\u00e4ten\u00a0zur\u00a0K\u00fchlung und\u00a0Klimatisierung wollen Sie\u00a0\u00a0alle Informationen \u00fcber\u00a0den Status\u00a0Ihrer Systeme\u00a0sammeln,\u00a0sei es f\u00fcr die Ausbildung, das Kundentraining, Service oder Garantiezwecke.<\/p>\n<p><img loading=\"lazy\" class=\"alignleft wp-image-193 size-full\" src=\"https:\/\/kuehlanalyse.de\/wp2018\/wp-content\/uploads\/Hersteller1.jpg\" alt=\"\" width=\"256\" height=\"139\" \/>ClimaCheck\u00a0bietet\u00a0ein einzigartiges Werkzeug, um\u00a0die\u00a0Leistung\u00a0eines\u00a0K\u00fchlsystems\u00a0zu dokumentieren, das Ihnen hilft\u00a0\u00a0Ihre Anlage effizient\u00a0 und betriebssicher zu betreiben. Mit\u00a0unserem\u00a0Produkt\u00a0k\u00f6nnen\u00a0Energieverbrauch und\u00a0Lebensdauer\u00a0effektiver optimiert\u00a0werden, als mit\u00a0herk\u00f6mmlichen\u00a0Methoden.<\/p>\n<p>In der Software von ClimaCheck sind zahlreiche Funktionen eingearbeitet, die dem Hersteller die Systemdokumentation erleichtern. So kann man einen\u00a0erst dann\u00a0Log\u00a0automatisch\u00a0starten lassen, wenn das System stabil l\u00e4uft, also im Beharrungszustand ist. Dies ist\u00a0sehr effektiv bei Inbetriebnahme bzw. Anlagentestl\u00e4ufen. Unrelevante Daten werden auf Wunsch nicht gespeichert. Es entsteht kein Datenm\u00fcll. Wichtige Daten hingegen werden automatisch gespeichert.<\/p>\n<p><strong>15 gute Gr\u00fcnde, warum sich Hersteller f\u00fcr ClimaCheck entscheiden:<\/strong><\/p>\n<p><strong> 1. perfekte Dokumentation der Anlage<\/strong><\/p>\n<p>F\u00fcr jede produzierte Anlage, die die Produktionshalle verl\u00e4sst, existiert ein Messprotokoll, dass f\u00fcr alle gew\u00fcnschten elektrischen und vor allem k\u00e4ltetechnischen Daten Messergebnisse dokumentiert.<\/p>\n<p><img loading=\"lazy\" class=\"size-full wp-image-195 alignnone\" src=\"https:\/\/kuehlanalyse.de\/wp2018\/wp-content\/uploads\/Hersteller3.jpg\" alt=\"\" width=\"451\" height=\"86\" srcset=\"https:\/\/kuehlanalyse.de\/wp-content\/uploads\/Hersteller3.jpg 451w, https:\/\/kuehlanalyse.de\/wp-content\/uploads\/Hersteller3-300x57.jpg 300w\" sizes=\"(max-width: 451px) 100vw, 451px\" \/><\/p>\n<p><strong>2. stabile Verh\u00e4ltnisse<\/strong><\/p>\n<p>Viele Messungen sind nur bedingt aussagekr\u00e4ftig, weil bei unstabilen Betriebsbedingungen gemessen wurde.<\/p>\n<p>ClimaCheck liefert exakte Aussagen, wenn eine Anlage stabil l\u00e4uft und zeichnet auf Wunsch erst ab diesem Zeitpunkt die Messung automatisch auf.<\/p>\n<p><img loading=\"lazy\" class=\"alignright size-full wp-image-194\" src=\"https:\/\/kuehlanalyse.de\/wp2018\/wp-content\/uploads\/Hersteller2.jpg\" alt=\"\" width=\"272\" height=\"122\" \/><strong>3. Prototypenfeldversuche<\/strong><\/p>\n<p>Durch umfangreiche Messungen unter Einsatzbedingungen k\u00f6nnen eventuell vorhandene Schwachstellen erkannt werden und schwerwiegende Folgekosten verhindert werden.<\/p>\n<p><strong>4. Aufbau einer einmaligen Anlagendokumentation<\/strong><\/p>\n<p>Automatisch fallen durch die Messungen bei Inbetriebnahmen, in der Fertigung und vor Ort viele Messdaten an. Dadurch sind f\u00fcr die Entwicklungs-, aber auch f\u00fcr die Supportabteilung, jede Menge verl\u00e4sslicher Daten f\u00fcr weitere Optimierungen vorhanden.<\/p>\n<p>Hinweis: Bei Nutzung von ClimaCheck-Online erh\u00e4lt man ein automatisch erstelltes au\u00dfentemperaturabh\u00e4ngiges Energieprofil, dass R\u00fcckschl\u00fcsse auf das gesamte Betriebsverhalten der Anlage zul\u00e4sst.<strong>\u00a0 <\/strong><\/p>\n<p><img loading=\"lazy\" class=\"alignright size-full wp-image-196\" src=\"https:\/\/kuehlanalyse.de\/wp2018\/wp-content\/uploads\/Hersteller4.jpg\" alt=\"\" width=\"230\" height=\"174\" \/><strong>5. <\/strong><strong>preisgekr\u00f6ntes Produkt<\/strong><\/p>\n<p>ClimaCheck erhielt in Gro\u00dfbritannien die Auszeichnung K\u00e4lteprodukt des Jahres 2009.<\/p>\n<p>Vom WWF erhielt ClimaCheck \u00a0am 19.Oktober 2011, als eines von vier Unternehmen, den Climate Solver Award 2011.<\/p>\n<p><strong>6. <\/strong><strong>Zeit ist Geld, deshalb schneller Anschluss<\/strong><\/p>\n<p>Der Performance Analyser Pro l\u00e4sst sich einfach und schnell anschlie\u00dfen.<\/p>\n<p><strong>7. Zeit ist Geld, deshalb sofortige Auswertung<\/strong><\/p>\n<p>ClimaCheck liefert sofort nach Anschluss Mess-ergebnisse. Teure Nachberechnungen von hochbezahlten Fachkr\u00e4ften k\u00f6nnen eingespart werden.<\/p>\n<p><strong>8. <\/strong><strong>sehr flexibel<\/strong><\/p>\n<p>ClimaCheck bietet Ihnen eine umfangreiche Palette an Berechnungsvorlagen f\u00fcr die verschiedensten Arten von K\u00e4lte- und Klimaanlagen an.<\/p>\n<p>Selbstverst\u00e4ndlich k\u00f6nnen Sie auch f\u00fcr\u00a0 Ihre eigenen Anlagen einfach und schnell neue Auswertungsmodelle erstellen.<\/p>\n<p><strong>9. <\/strong><strong>gesicherte Kommunikation<\/strong><\/p>\n<p>Wollen Sie Vor Ort l\u00e4ngere Zeit Messdaten erfassen, k\u00f6nnen Sie schnell und sicher auf unterschiedlichen Wegen kommunizieren.<\/p>\n<p><strong>10. <\/strong><strong>Detaillierte Anlagenanalyse<\/strong><\/p>\n<p><strong>Beispiel: Verdichterdiagnose \u2013 isentroper Wirkungsgrad<\/strong><\/p>\n<ul>\n<li>Verstopfte Saugsiebe, schlechte Schmierung oder interne L\u00e4ssigkeiten haben enorme Folgen auf den Verdichterwirkungsgrad. Zunehmender Verschlei\u00df wird sichtbar.<\/li>\n<li>Massen- und Volumenstromermittlung<\/li>\n<li>Vergleichen Sie Ihre Messergebnisse mit der Herstellersoftware von Bitzer, Bock, Copeland, Danfoss, \u2026<\/li>\n<\/ul>\n<p><strong>Detaillierte Anlagenanalyse &#8211; F\u00fcllungsgrad Verdampfer<\/strong><\/p>\n<ul>\n<li>Viele Verdampfer sind notorisch \u00fcber- bzw. unterf\u00fcllt. ClimaCheck liefert Ihnen den K\u00f6nigsparameter zur Einstellung des Einspritzventils<\/li>\n<li>ClimaCheck kann auch zur Bewertung von Luftzust\u00e4nden und RLT-Anlagen eingesetzt werden.<\/li>\n<\/ul>\n<p><strong>11. <\/strong><strong>neue Energie- Effizienzkriterien inside<\/strong><\/p>\n<p>Der Systemeffizienzindex (SEI) ist eine Neu- bzw. Weiterentwicklung der Energieeffizienzkriterien. ClimaCheck kann diese Kriterien bereits ausweisen.<\/p>\n<p><img loading=\"lazy\" class=\"size-full wp-image-197 alignleft\" src=\"https:\/\/kuehlanalyse.de\/wp2018\/wp-content\/uploads\/Hersteller5.jpg\" alt=\"\" width=\"279\" height=\"187\" \/><strong>12. Gr\u00f6\u00dfe unwichtig<\/strong><\/p>\n<p>Die Anlagengr\u00f6\u00dfe spielt keine Rolle. Es k\u00f6nnen mit der ClimaCheck-Methode sowohl Anlagen im Watt- als auch im Megawattbereich evaluiert werden.<\/p>\n<p><strong>13. <\/strong><strong>Vorher \u2013 Nachher Vergleich<\/strong><\/p>\n<p>Optimierungen vor Ort haben Auswirkungen auf den COP.<\/p>\n<p>ClimaCheck hat genau f\u00fcr diese wichtige Aufgabe eine extra tabellarische \u00dcbersicht entwickelt um erzielte Verbesserungen detailliert zu dokumentieren.<\/p>\n<p><strong>14.<\/strong><strong> Graphische Auswertungen<\/strong><\/p>\n<p>F\u00fcr die genaue Anlagenbeobachtung k\u00f6nnen in den verschiedenen Graphiken alle Anlagenparameter einbinden und zoomen.<\/p>\n<p><strong>15. Einmalige Erfahrungswerte<\/strong><\/p>\n<p>ClimaCheck verf\u00fcgt \u00fcber einmalige Jahrzehnte lange Erfahrungswerte in der Messung und Beurteilung von K\u00e4lte- und Klimaanlagen sowie W\u00e4rmepumpen.<\/p>\n<p><strong>Profitieren auch Sie davon!<\/strong><\/p>\n<p>&nbsp;<\/p>\n","protected":false},"excerpt":{"rendered":"<p>Als\u00a0Hersteller\u00a0von\u00a0Ger\u00e4ten\u00a0zur\u00a0K\u00fchlung und\u00a0Klimatisierung wollen Sie\u00a0\u00a0alle Informationen \u00fcber\u00a0den Status\u00a0Ihrer Systeme\u00a0sammeln,\u00a0sei es f\u00fcr die Ausbildung, das Kundentraining, Service oder Garantiezwecke. ClimaCheck\u00a0bietet\u00a0ein einzigartiges Werkzeug,&hellip;<\/p>\n","protected":false},"author":1,"featured_media":0,"parent":0,"menu_order":0,"comment_status":"closed","ping_status":"closed","template":"","meta":[],"_links":{"self":[{"href":"https:\/\/kuehlanalyse.de\/index.php\/wp-json\/wp\/v2\/pages\/26"}],"collection":[{"href":"https:\/\/kuehlanalyse.de\/index.php\/wp-json\/wp\/v2\/pages"}],"about":[{"href":"https:\/\/kuehlanalyse.de\/index.php\/wp-json\/wp\/v2\/types\/page"}],"author":[{"embeddable":true,"href":"https:\/\/kuehlanalyse.de\/index.php\/wp-json\/wp\/v2\/users\/1"}],"replies":[{"embeddable":true,"href":"https:\/\/kuehlanalyse.de\/index.php\/wp-json\/wp\/v2\/comments?post=26"}],"version-history":[{"count":5,"href":"https:\/\/kuehlanalyse.de\/index.php\/wp-json\/wp\/v2\/pages\/26\/revisions"}],"predecessor-version":[{"id":198,"href":"https:\/\/kuehlanalyse.de\/index.php\/wp-json\/wp\/v2\/pages\/26\/revisions\/198"}],"wp:attachment":[{"href":"https:\/\/kuehlanalyse.de\/index.php\/wp-json\/wp\/v2\/media?parent=26"}],"curies":[{"name":"wp","href":"https:\/\/api.w.org\/{rel}","templated":true}]}}