{"id":24,"date":"2018-10-11T08:38:14","date_gmt":"2018-10-11T06:38:14","guid":{"rendered":"https:\/\/kuehlanalyse.de\/wp2018\/?page_id=24"},"modified":"2018-10-11T17:41:34","modified_gmt":"2018-10-11T15:41:34","slug":"fachfirmen","status":"publish","type":"page","link":"https:\/\/kuehlanalyse.de\/index.php\/fachfirmen\/","title":{"rendered":"Fachfirmen"},"content":{"rendered":"<p>Als\u00a0Auftragnehmer innerhalb von\u00a0K\u00e4lte und\u00a0Klimabranche,\u00a0bedeutet\u00a0Ihre\u00a0Wettbewerbsf\u00e4higkeit\u00a0f\u00fcr Ihre Kunden, dass ihre\u00a0Systeme\u00a0so gut\u00a0wie m\u00f6glich\u00a0optimiert\u00a0sind.\u00a0Geringer Energieverbrauch und eine\u00a0maximale Lebensdauer\u00a0sind immer willkommen.<\/p>\n<p><img loading=\"lazy\" class=\"alignright wp-image-151 size-full\" src=\"https:\/\/kuehlanalyse.de\/wp2018\/wp-content\/uploads\/Fachfirmen2.jpg\" alt=\"\" width=\"97\" height=\"98\" \/>ClimaCheck\u00a0bietet\u00a0ein einzigartiges Werkzeug, um\u00a0die\u00a0Leistung\u00a0eines\u00a0K\u00fchlsystems\u00a0zu dokumentieren, das Ihnen hilft\u00a0\u00a0die Anlage optimal zu betreiben. Mit\u00a0unserem\u00a0Produkt\u00a0k\u00f6nnen\u00a0Energieverbrauch und\u00a0Lebensdauer\u00a0effektiver optimiert\u00a0werden, als mit\u00a0herk\u00f6mmlichen\u00a0Methoden.<\/p>\n<p>In der Software von ClimaCheck sind zahlreiche Funktionen eingearbeitet, die dem Hersteller die Systemdokumentation erleichtern. So kann man einen\u00a0erst dann\u00a0Log\u00a0\u00a0automatisch\u00a0starten lassen, wenn das System stabil l\u00e4uft, also im Beharrungszustand ist. Dies ist\u00a0sehr effektiv bei Inbetriebnahme bzw. Anlagentestl\u00e4ufen. Unrelevante Daten werden nicht gespeichert. Es entsteht kein Datenm\u00fcll. Wichtige Daten hingegen werden automatisch gespeichert.<\/p>\n<h2>Zur Internen Methode von ClimaCheck<\/h2>\n<p><img loading=\"lazy\" class=\"alignright size-full wp-image-150\" src=\"https:\/\/kuehlanalyse.de\/wp2018\/wp-content\/uploads\/Fachfirmen1.jpg\" alt=\"\" width=\"200\" height=\"133\" \/>Viele bekannte elektronische Datenerfassungs- und Reglersysteme haben h\u00e4ufig die Aufgabe der\u00a0Datenerfassung nach HACCP oder der Regelung der K\u00e4lteanlage. Diese erfassten Daten lassen sich, so das Programm\u00a0es zul\u00e4sst, tabellarisch und graphisch darstellen. Wenn eine Exportfunktion vorgesehen ist, so lassen sich diese Daten in ein Tabellenkalkulationsprogramm exportieren. Dort k\u00f6nnen die Daten ausgewertet werden.<br \/>\nEine andere Zielrichtung wird mit dem ClimaCheck-Performanceanalyser verfolgt. Bei diesem Ger\u00e4t liegt der Focus vollst\u00e4ndig auf der Analyse des K\u00e4ltekreislaufs. Die Grundidee ist einfach, aber genial. Man ermittelt mit dem Performanceanalyser alle Werte, die f\u00fcr die Berechnung des K\u00e4ltekreislaufes und dessen Darstellung im lg p, h \u2013Diagramm notwendig sind. Dies sind der Verdampfungsdruck, die Verdichteransaugtemperatur, der Verfl\u00fcssigungsdruck, die Verdichteraustrittstemperatur und die Temperatur vor dem Expansionsventil. \u00a0Zus\u00e4tzlich zu diesen Daten werden Datum und Zeit erfasst und in einer Tabelle dargestellt.<\/p>\n<p>F\u00fcr viele Datenlogger ist jetzt die Arbeit getan. Das ClimaCheck-System f\u00e4ngt aber jetzt erst an spannend zu werden und Spa\u00df zu machen. Der versierte K\u00e4ltetechniker ahnt jetzt schon, was alles an Rechnungen denkbar ist. \u00a0Es stehen \u00fcber 100 K\u00e4ltemittel zur Auswahl und die Berechnung erfolgt mit den weltweit an<br \/>\nerkannten, sehr genauen Formeln des National Institute of Standards and Technologies in den USA. Von allen Betriebspunkten werden die Enthalpiewerte und daraus Enthalpiedifferenzen berechnet. Damit ist die k\u00e4ltemittelseitige Ermittlung der Leistungsziffern f\u00fcr K\u00fchlen und Heizen m\u00f6glich. Die Berechnung aller Werte erfolgt grunds\u00e4tzlich immer f\u00fcr jedes Zeitintervall. F\u00fcr das KM wird die Entropie \u00fcber den Ansaugpunkt ermittelt. Da der Verfl\u00fcssigungsdruck<br \/>\nbekannt ist, kann dann die isentrope Verdichtungsendtemperatur berechnet werden. Bis zum isentropen Verdichtungswirkungsgrad ist es dann nur noch ein kleiner Schritt.<br \/>\nDer Performanceanalyser ermittelt zus\u00e4tzlich aber auch die elektrischen Daten des Verdichters wie Spannung, Stromst\u00e4rke und Phasenverschiebung. Dadurch k\u00f6nnen die f\u00fcr die Leistungsermittlung und -analyse unentbehrlichen Werte der Schein-, Blind- und Wirkleistung ermittelt werden.<\/p>\n","protected":false},"excerpt":{"rendered":"<p>Als\u00a0Auftragnehmer innerhalb von\u00a0K\u00e4lte und\u00a0Klimabranche,\u00a0bedeutet\u00a0Ihre\u00a0Wettbewerbsf\u00e4higkeit\u00a0f\u00fcr Ihre Kunden, dass ihre\u00a0Systeme\u00a0so gut\u00a0wie m\u00f6glich\u00a0optimiert\u00a0sind.\u00a0Geringer Energieverbrauch und eine\u00a0maximale Lebensdauer\u00a0sind immer willkommen. ClimaCheck\u00a0bietet\u00a0ein einzigartiges Werkzeug, um\u00a0die\u00a0Leistung\u00a0eines\u00a0K\u00fchlsystems\u00a0zu&hellip;<\/p>\n","protected":false},"author":1,"featured_media":0,"parent":0,"menu_order":0,"comment_status":"closed","ping_status":"closed","template":"","meta":[],"_links":{"self":[{"href":"https:\/\/kuehlanalyse.de\/index.php\/wp-json\/wp\/v2\/pages\/24"}],"collection":[{"href":"https:\/\/kuehlanalyse.de\/index.php\/wp-json\/wp\/v2\/pages"}],"about":[{"href":"https:\/\/kuehlanalyse.de\/index.php\/wp-json\/wp\/v2\/types\/page"}],"author":[{"embeddable":true,"href":"https:\/\/kuehlanalyse.de\/index.php\/wp-json\/wp\/v2\/users\/1"}],"replies":[{"embeddable":true,"href":"https:\/\/kuehlanalyse.de\/index.php\/wp-json\/wp\/v2\/comments?post=24"}],"version-history":[{"count":7,"href":"https:\/\/kuehlanalyse.de\/index.php\/wp-json\/wp\/v2\/pages\/24\/revisions"}],"predecessor-version":[{"id":160,"href":"https:\/\/kuehlanalyse.de\/index.php\/wp-json\/wp\/v2\/pages\/24\/revisions\/160"}],"wp:attachment":[{"href":"https:\/\/kuehlanalyse.de\/index.php\/wp-json\/wp\/v2\/media?parent=24"}],"curies":[{"name":"wp","href":"https:\/\/api.w.org\/{rel}","templated":true}]}}