{"id":22,"date":"2018-10-11T08:38:08","date_gmt":"2018-10-11T06:38:08","guid":{"rendered":"https:\/\/kuehlanalyse.de\/wp2018\/?page_id=22"},"modified":"2018-10-11T17:34:14","modified_gmt":"2018-10-11T15:34:14","slug":"betreiber","status":"publish","type":"page","link":"https:\/\/kuehlanalyse.de\/index.php\/betreiber\/","title":{"rendered":"Betreiber"},"content":{"rendered":"<h2>Betreiber von K\u00e4lteanlagen<\/h2>\n<p>Sie\u00a0als\u00a0Eigent\u00fcmer\u00a0bekommen\u00a0jetzt\u00a0die M\u00f6glichkeit, Ihre\u00a0Energie- und Reparaturkosten\u00a0drastisch zu senken, indem sichergestellt wird, dass\u00a0Ihre\u00a0W\u00e4rmepumpen\u00a0und\u00a0Klimaanlagen\u00a0optimal arbeiten. Die erh\u00f6hte\u00a0Rentabilit\u00e4t sorgt f\u00fcr geringere Betriebskosten und dies\u00a0wird auch Ihnen zu\u00a0zufriedenen Kunden\u00a0verhelfen.<\/p>\n<p>Durch den Einsatz\u00a0der\u00a0einzigartigen\u00a0Technologie\u00a0(von\u00a0ClimaCheck\u00a0entwickelt) k\u00f6nnen Sie als\u00a0Eigent\u00fcmer\u00a0genaue\u00a0und verst\u00e4ndliche Aussagen\u00a0\u00fcber den\u00a0Status\u00a0Ihrer\u00a0Anlagen\u00a0erhalten.\u00a0Dies gibt\u00a0Ihnen\u00a0eine sichere\u00a0Grundlage f\u00fcr Entscheidungen\u00a0\u00fcber Service\u00a0und Anlagenoptimierungen. Au\u00dferdem wird\u00a0Ihnen\u00a0erm\u00f6glicht,\u00a0die\u00a0Auswirkungen von Umbauarbeiten und anderweitigen Verbesserungen an Ihren Anlagen besser zu beurteilen.<br \/>\n<img loading=\"lazy\" class=\"alignnone size-full wp-image-146\" src=\"https:\/\/kuehlanalyse.de\/wp2018\/wp-content\/uploads\/Betreiber1.jpg\" alt=\"\" width=\"800\" height=\"289\" srcset=\"https:\/\/kuehlanalyse.de\/wp-content\/uploads\/Betreiber1.jpg 800w, https:\/\/kuehlanalyse.de\/wp-content\/uploads\/Betreiber1-300x108.jpg 300w, https:\/\/kuehlanalyse.de\/wp-content\/uploads\/Betreiber1-768x277.jpg 768w\" sizes=\"(max-width: 800px) 100vw, 800px\" \/><br \/>\nEine besondere Funktion erlaubt Ihnen bei Einsatz von ClimaCheck Online die Kosten und den Energieverbrauch im Auge zu behalten. F\u00fcr Ihre Anlage wird automatisch ein au\u00dfentemperaturabh\u00e4ngiges Energieprofil\u00a0generiert. So ist es m\u00f6glich, das schon bei kleineren Anlagenproblemen eine Warnmeldung \/ ein Alarm abgesetzt wird. Dies bewahrt Sie vor gr\u00f6\u00dferen materiellen Schaden.<\/p>\n<p><img loading=\"lazy\" class=\"alignnone size-full wp-image-147\" src=\"https:\/\/kuehlanalyse.de\/wp2018\/wp-content\/uploads\/Betreiber2.jpg\" alt=\"\" width=\"888\" height=\"272\" srcset=\"https:\/\/kuehlanalyse.de\/wp-content\/uploads\/Betreiber2.jpg 888w, https:\/\/kuehlanalyse.de\/wp-content\/uploads\/Betreiber2-300x92.jpg 300w, https:\/\/kuehlanalyse.de\/wp-content\/uploads\/Betreiber2-768x235.jpg 768w\" sizes=\"(max-width: 888px) 100vw, 888px\" \/><\/p>\n<p>Die neue\u00a0Technologie\u00a0wurde exklusiv von ClimaCheck\u00a0entwickelt\u00a0und\u00a0\u00a0verwendet\u00a0und\u00a0hat bereits\u00a0breite internationale Anerkennung\u00a0gefunden.\u00a0Viele\u00a0der weltbesten Akteure in\u00a0den Unternehmen\u00a0setzen\u00a0bereits\u00a0unsere Produkte ein.\u00a0ClimaCheck\u00a0erhielt die Auszeichnung Refrigeration Product of\u00a0the Year. Dieser Preis wird durch\u00a0die britische\u00a0ACR\u00a0News vergeben.\u00a0Die Auszeichnung wurde vergeben,\u00a0f\u00fcr\u00a0das\u00a0Potential wesentliche Verbesserungen bei\u00a0der Energieeffizienz\u00a0bereits installierter\u00a0Anlagen\u00a0zu erzielen.<\/p>\n<p>Die\u00a0neue\u00a0EU-Richtlinie\u00a0f\u00fcr energieeffiziente Geb\u00e4ude fordert\u00a0Leistungsinspektionen\u00a0aller Klimaanlagen\u00a0mit einer\u00a0Leistung von 12\u00a0kW\u00a0oder mehr.\u00a0Diese Direktive\u00a0ist\u00a0in\u00a0vielen europ\u00e4ischen L\u00e4ndern, so auch in Deutschland,\u00a0Gesetz. Bei\u00a0Verwendung\u00a0von\u00a0ClimaCheck\u00a0k\u00f6nnen Sie die Anforderungen\u00a0erf\u00fcllen\u00a0und\u00a0gleichzeitig\u00a0Geld sparen.<\/p>\n<p>Eine Analyse\u00a0mit der\u00a0&#8220;Internen\u00a0Methode &#8221; von\u00a0\u00a0ClimaCheck\u00a0wurde vom schwedischen\u00a0Royal Institute\u00a0\u00a0of Technology\u00a0f\u00fcr 164\u00a0W\u00e4rmepumpen\u00a0und\u00a0\u00a0K\u00e4lte- und\u00a0Klimaanlagen\u00a0durchgef\u00fchrt.\u00a0Es wurde festgestellt, dass\u00a087%\u00a0der\u00a0Anlagen\u00a0nicht wie\u00a0erwartet\u00a0funktionierten.\u00a0Durch &#8220;Low Cost &#8211;\u00a0Anlagenver\u00e4nderungen&#8221; mit\u00a0dem\u00a0ClimaCheck\u00a0Performance Analyser\u00a0konnte\u00a0der Energieverbrauch\u00a0um\u00a0\u00a0mehr als\u00a010%\u00a0im Durchschnitt\u00a0gesenkt werden. Dies\u00a0spart\u00a0Geld<br \/>\nund\u00a0CO2-Emissionen.<\/p>\n","protected":false},"excerpt":{"rendered":"<p>Betreiber von K\u00e4lteanlagen Sie\u00a0als\u00a0Eigent\u00fcmer\u00a0bekommen\u00a0jetzt\u00a0die M\u00f6glichkeit, Ihre\u00a0Energie- und Reparaturkosten\u00a0drastisch zu senken, indem sichergestellt wird, dass\u00a0Ihre\u00a0W\u00e4rmepumpen\u00a0und\u00a0Klimaanlagen\u00a0optimal arbeiten. Die erh\u00f6hte\u00a0Rentabilit\u00e4t sorgt f\u00fcr geringere&hellip;<\/p>\n","protected":false},"author":1,"featured_media":0,"parent":0,"menu_order":0,"comment_status":"closed","ping_status":"closed","template":"","meta":[],"_links":{"self":[{"href":"https:\/\/kuehlanalyse.de\/index.php\/wp-json\/wp\/v2\/pages\/22"}],"collection":[{"href":"https:\/\/kuehlanalyse.de\/index.php\/wp-json\/wp\/v2\/pages"}],"about":[{"href":"https:\/\/kuehlanalyse.de\/index.php\/wp-json\/wp\/v2\/types\/page"}],"author":[{"embeddable":true,"href":"https:\/\/kuehlanalyse.de\/index.php\/wp-json\/wp\/v2\/users\/1"}],"replies":[{"embeddable":true,"href":"https:\/\/kuehlanalyse.de\/index.php\/wp-json\/wp\/v2\/comments?post=22"}],"version-history":[{"count":3,"href":"https:\/\/kuehlanalyse.de\/index.php\/wp-json\/wp\/v2\/pages\/22\/revisions"}],"predecessor-version":[{"id":149,"href":"https:\/\/kuehlanalyse.de\/index.php\/wp-json\/wp\/v2\/pages\/22\/revisions\/149"}],"wp:attachment":[{"href":"https:\/\/kuehlanalyse.de\/index.php\/wp-json\/wp\/v2\/media?parent=22"}],"curies":[{"name":"wp","href":"https:\/\/api.w.org\/{rel}","templated":true}]}}