{"id":118,"date":"2018-10-11T17:07:24","date_gmt":"2018-10-11T15:07:24","guid":{"rendered":"https:\/\/kuehlanalyse.de\/wp2018\/?page_id=118"},"modified":"2018-10-12T09:59:40","modified_gmt":"2018-10-12T07:59:40","slug":"disclaimer","status":"publish","type":"page","link":"https:\/\/kuehlanalyse.de\/index.php\/disclaimer\/","title":{"rendered":"Disclaimer"},"content":{"rendered":"<p>Mit Urteil vom 12. Mai 1998 &#8211; Az.: 312 0 85\/98 -&#8220;Haftung f\u00fcr Links&#8221; hat das Landgericht Hamburg entschieden, dass man sich durch die Erstellung eines Links die Inhalte der gelinkten Seite zu eigen macht und gegebenenfalls mit zu verantworten hat. Dies kann &#8211; so das Gericht &#8211; nur dadurch verhindert werden, dass man sich ausdr\u00fccklich von diesen Inhalten distanziert. Da wir keinen Einfluss auf die Gestaltung und die Inhalte der gelinkten Seiten haben, distanzieren wir uns im Sinne der genannten Rechtsprechung ausdr\u00fccklich von allen Inhalten aller gelinkten Seiten und machen uns die Inhalte der gelinkten Seiten nicht zu eigen. Diese Erkl\u00e4rung gilt f\u00fcr alle verf\u00fcgbaren Links auf dieser Website!<\/p>\n","protected":false},"excerpt":{"rendered":"<p>Mit Urteil vom 12. Mai 1998 &#8211; Az.: 312 0 85\/98 -&#8220;Haftung f\u00fcr Links&#8221; hat das Landgericht Hamburg entschieden, dass&hellip;<\/p>\n","protected":false},"author":1,"featured_media":0,"parent":0,"menu_order":0,"comment_status":"closed","ping_status":"closed","template":"","meta":[],"_links":{"self":[{"href":"https:\/\/kuehlanalyse.de\/index.php\/wp-json\/wp\/v2\/pages\/118"}],"collection":[{"href":"https:\/\/kuehlanalyse.de\/index.php\/wp-json\/wp\/v2\/pages"}],"about":[{"href":"https:\/\/kuehlanalyse.de\/index.php\/wp-json\/wp\/v2\/types\/page"}],"author":[{"embeddable":true,"href":"https:\/\/kuehlanalyse.de\/index.php\/wp-json\/wp\/v2\/users\/1"}],"replies":[{"embeddable":true,"href":"https:\/\/kuehlanalyse.de\/index.php\/wp-json\/wp\/v2\/comments?post=118"}],"version-history":[{"count":2,"href":"https:\/\/kuehlanalyse.de\/index.php\/wp-json\/wp\/v2\/pages\/118\/revisions"}],"predecessor-version":[{"id":248,"href":"https:\/\/kuehlanalyse.de\/index.php\/wp-json\/wp\/v2\/pages\/118\/revisions\/248"}],"wp:attachment":[{"href":"https:\/\/kuehlanalyse.de\/index.php\/wp-json\/wp\/v2\/media?parent=118"}],"curies":[{"name":"wp","href":"https:\/\/api.w.org\/{rel}","templated":true}]}}