{"id":116,"date":"2018-10-11T17:07:18","date_gmt":"2018-10-11T15:07:18","guid":{"rendered":"https:\/\/kuehlanalyse.de\/wp2018\/?page_id=116"},"modified":"2025-10-07T08:48:44","modified_gmt":"2025-10-07T06:48:44","slug":"agb","status":"publish","type":"page","link":"https:\/\/kuehlanalyse.de\/index.php\/agb\/","title":{"rendered":"AGB"},"content":{"rendered":"<p><a href=\"https:\/\/kuehlanalyse.de\/wp2018\/wp-content\/uploads\/AGBKuehlAnalyse.pdf\">Download<\/a> (PDF)<\/p>\n<p><strong>ALLGEMEINE Gesch\u00e4ftsbedingungen &#8211; K\u00fchlAnalyse<\/strong><\/p>\n<p>\u00a7 1 Geltungsbereich<br \/>\nAngebote, Lieferungen, Leistungen und Dienstleistungen der Fa. K\u00fchlAnalyse Holger K\u00fchl erfolgen ausschlie\u00dflich aufgrund dieser Gesch\u00e4ftsbedingungen. Entgegenstehende oder von unseren Gesch\u00e4ftsbedingungen abweichende oder erg\u00e4nzende Bedingungen des Auftraggebers erkennen wir nur an, wenn wir ausdr\u00fccklich schriftlich der Geltung zustimmen.<br \/>\nDiese Gesch\u00e4ftsbedingungen gelten auch f\u00fcr alle zuk\u00fcnftigen Gesch\u00e4fte mit dem Auftraggeber, soweit es sich um Rechtsgesch\u00e4fte verwandter Art handelt.<\/p>\n<p>\u00a7 2 Vertragsschluss<br \/>\nEin Vertrag mit uns gilt erst dann als abgeschlossen, wenn der Auftraggeber unser Angebot vorbehaltlos annimmt oder ihm unsere schriftliche Auftragsbest\u00e4tigung zugeht oder wir mit der<br \/>\nAusf\u00fchrung der Leistung beginnen. Erteilen wir eine schriftliche Auftragsbest\u00e4tigung, so ist diese f\u00fcr Inhalt und Umfang des Vertrages ma\u00dfgeblich, sofern nicht ausdr\u00fccklich etwas anderes vereinbart ist. \u00c4nderungen, Nebenabreden und Erg\u00e4nzungen sowie die \u00dcbernahme von Beschaffenheitsvereinbarungen und Garantien bed\u00fcrfen zu ihrer Wirksamkeit unserer schriftlichen<br \/>\nZustimmung.<\/p>\n<p>\u00a7 3 Auftragserf\u00fcllung und Mitwirkung des Auftraggebers<br \/>\nArt und Umfang unserer Leistungen werden durch den Auftrag und unsere Auftragsbest\u00e4tigung bestimmt. Unsere Leistungen erbringen wir unter Beachtung der allgemein anerkannten Regeln der Technik. Wir schulden kein bestimmtes Pr\u00fcfungsergebnis, sondern nur die pflichtgem\u00e4\u00dfe Pr\u00fcfung und Dokumentation. Unsere Messungen (Systemanalysen) ersetzen nicht die Wartung und Inspektion der K\u00fchlanlagen (k\u00e4ltetechnischen Anlagen) durch den Betreiber, sondern sie dienen nur als erg\u00e4nzende Ma\u00dfnahme der Beurteilung des technischen Zustandes nach Ma\u00dfgabe des beauftragten Leistungsumfanges. Der Auftraggeber hat uns alle f\u00fcr die Durchf\u00fchrung erforderlichen Unterlagen und Tatsachen vollst\u00e4ndig zur Kenntnis zu geben. Wir sind grunds\u00e4tzlich nicht verpflichtet, vom Auftraggeber zur Verf\u00fcgung gestellte Daten, Informationen oder sonstige Leistungen auf ihre Vollst\u00e4ndigkeit und Richtigkeit hin zu \u00fcberpr\u00fcfen, soweit hierf\u00fcr nach den Umst\u00e4nden des Einzelfalle kein Anlass besteht.<br \/>\nSoweit Mitwirkungen des Auftraggebers erforderlich sind, hat er diese rechtzeitig und auf eigene Kosten zu erbringen. Sofern er seiner Mitwirkung nicht, nicht rechtzeitig oder nicht vollst\u00e4ndig<br \/>\nnachkommt, sind wir berechtigt, ihm den uns dadurch entstehenden Mehraufwand in Rechnung zu stellen.<\/p>\n<p>\u00a7 4 \u00dcberlassene Unterlagen<br \/>\nDer Auftraggeber ist berechtigt, unsere Leistungen, die ermittelten Ergebnisse sowie entstehende Schutz- und Nutzungsrechte f\u00fcr die vertraglich vereinbarten Zwecke zu verwenden.<\/p>\n<p>\u00a7 5 Preise und Zahlungen<br \/>\nUnsere Preise sind Nettopreise ausschlie\u00dflich Verpackung und zuz\u00fcglich Mehrwertsteuer in jeweils g\u00fcltiger H\u00f6he. Soweit zwischen dem Vertragsabschluss und vereinbarter oder tats\u00e4chlicher Lieferung oder Leistung mehr als vier Monate liegen, gelten unsere zur Zeit der Lieferung g\u00fcltigen Preise. \u00dcbersteigen diese den vormals vereinbarten Preis um mehr als 10 %, ist der Auftraggeber berechtigt, vom Vertrag zur\u00fcckzutreten.<br \/>\nDie Zahlung der Verg\u00fctung hat ausschlie\u00dflich auf das auf der Rechnung genannte Konto zu erfolgen. Der Abzug von Skonto ist nur bei schriftlicher Mitteilung in der Rechnung zul\u00e4ssig. Sofern nichts anderes vereinbart wird, ist die Verg\u00fctung 14 Tage nach Rechnungsdatum f\u00e4llig. Ist der Besteller kein Verbraucher, werden ab Verzug Zinsen in H\u00f6he von 8 Prozentpunkten \u00fcber dem<br \/>\nBasiszins geltend gemacht. Die Geltendmachung eines weiteren Verzugsschadens bleibt vorbehalten. \u00a7 5 Aufrechnungs- und Zur\u00fcckbehaltungsrecht, Erf\u00fcllungsabrede Dem Auftraggeber steht das Recht zur Aufrechnung nur zu, wenn seine Gegenanspr\u00fcche rechtskr\u00e4ftig festgestellt oder unbestritten sind.<br \/>\nZur Aus\u00fcbung eines Zur\u00fcckbehaltungsrechts ist der Auftraggeber nur befugt, wenn sein Gegenanspruch auf dem gleichen Vertragsverh\u00e4ltnis beruht.<br \/>\nWir sind berechtigt, trotz anders lautender Bestimmungen des Schuldners die Zahlung zun\u00e4chst auf die \u00e4lteren Schulden anzurechnen und soweit bereits Kosten und Zinsen entstanden sind, die Zahlung zun\u00e4chst auf die Kosten, dann auf die Zinsen und zuletzt auf die Hauptforderung anzurechnen. \u00a7 6 Lieferzeiten und Lieferbedingungen Der Beginn der von uns im Angebot angegebenen Leistungszeit setzt die rechtzeitige und ordnungsgem\u00e4\u00dfe Erf\u00fcllung der Verpflichtungen des Auftraggebers voraus. Die Einrede des nichterf\u00fcllten Vertrages bleibt vorbehalten.<br \/>\nKommt der Auftraggeber in Annahmeverzug oder verletzt er schuldhaft sonstige Mitwirkungspflichten, so sind wir berechtigt, den uns insoweit entstehenden Schaden einschlie\u00dflich<br \/>\netwaiger Mehraufwendungen ersetzt zu verlangen. Weitergehende Anspr\u00fcche bleiben vorbehalten. Sofern vorstehende Voraussetzungen vorliegen, geht die Gefahr des zuf\u00e4lligen Untergangs oder der zuf\u00e4lligen Verschlechterung der Kaufsache in dem Zeitpunkt auf den Besteller \u00fcber, in dem dieser in Annahme- oder Schuldnerverzug geraten ist.<\/p>\n<p>\u00a7 7 Gefahr\u00fcbergang bei Versendung<br \/>\nWird die Ware auf Wunsch des Auftraggebers an diesen versandt, so geht mit der Absendung an ihn, sp\u00e4testens mit Verlassen des Lagers, die Gefahr des zuf\u00e4lligen Untergangs oder der zuf\u00e4lligen<br \/>\nVerschlechterung der Ware auf ihn \u00fcber. Dies gilt unabh\u00e4ngig davon, ob die Versendung der Ware vom Erf\u00fcllungsort erfolgt oder wer die Frachtkosten tr\u00e4gt.<\/p>\n<p>\u00a7 8 Eigentumsvorbehalt<br \/>\nWir behalten uns das Eigentum an der gelieferten Sache bis zur vollst\u00e4ndigen Zahlung s\u00e4mtlicher Forderungen aus dem Liefervertrag vor. Dies gilt auch f\u00fcr alle zuk\u00fcnftigen Lieferungen, auch wenn wir uns nicht stets ausdr\u00fccklich darauf berufen. Wir sind berechtigt die Kaufsache zur\u00fcckzunehmen, wenn der Auftraggeber sich vertragswidrig verh\u00e4lt.<br \/>\nDer Auftraggeber ist verpflichtet, solange das Eigentum noch nicht auf ihn \u00fcbergegangen ist, die Kaufsache pfleglich zu behandeln. Insbesondere ist er verpflichtet, diese auf eigene Kosten gegen<br \/>\nDiebstahl, Feuer- und Wassersch\u00e4den ausreichend zum Neuwert zu versichern. M\u00fcssen Wartungsund Inspektionsarbeiten durchgef\u00fchrt werden, hat der Auftraggeber diese auf eigene Kosten<br \/>\nrechtzeitig auszuf\u00fchren. Solange das Eigentum noch nicht \u00fcbergegangen ist, hat uns der Auftraggeber unverz\u00fcglich schriftlich zu benachrichtigen, wenn der gelieferte Gegenstand gepf\u00e4ndet<br \/>\noder sonstigen Eingriffen Dritter ausgesetzt ist. Soweit der Dritte nicht in der Lage ist, uns die gerichtlichen und au\u00dfergerichtlichen Kosten einer Klage gem\u00e4\u00df \u00a7 771 ZPO zu erstatten, haftet der<br \/>\nAuftraggeber f\u00fcr den uns entstandenen Ausfall.<br \/>\nDer Auftraggeber ist zur Weiterver\u00e4u\u00dferung der Vorbehaltsware im normalen Gesch\u00e4ftsverkehr nicht berechtigt.<\/p>\n<p>\u00a7 9 Gew\u00e4hrleistung, M\u00e4ngelr\u00fcge sowie R\u00fcckgriff\/Herstellerregress<br \/>\n1. Gew\u00e4hrleistungsrechte des Bestellers setzen voraus, dass dieser seiner nach \u00a7 377 HGB geschuldeten Untersuchung und R\u00fcge ordnungsgem\u00e4\u00df nachgekommen ist. M\u00e4ngelanspr\u00fcche verj\u00e4hren in 12 Monaten nach erfolgter Ablieferung der von uns gelieferten Ware bei unserem Besteller. Bei dem Verkauf gebrauchter G\u00fcter(Vorf\u00fchrger\u00e4te) schlie\u00dfen wir die Gew\u00e4hrleistung ganz aus.<br \/>\n(gesetzliche Garantie\/ Gew\u00e4hrleistung auf Neuger\u00e4te) Vorstehende Bestimmungen gelten nicht, soweit das Gesetz gem\u00e4\u00df \u00a7 438 Abs. 1 Nr. 2 BGB, \u00a7 479 Abs. 1 BGB und \u00a7 634 a Abs. 1 BGB l\u00e4ngere Fristen zwingend vorschreibt. Vor etwaiger R\u00fccksendung der Ware ist unsere Zustimmung einzuholen. Sollte trotz aller aufgewandter Sorgfalt die gelieferte Ware einen Mangel aufweisen, der bereits zum Zeitpunkt des Gefahr\u00fcbergangs vorlag, so werden wir die Ware vorbehaltlich fristgerechter M\u00e4ngelr\u00fcge nach unserer Wahl nachbessern oder Ersatzware liefern. Es ist uns stets Gelegenheit zur Nacherf\u00fcllung innerhalb angemessener Frist zu geben. R\u00fcckgriffanspr\u00fcche bleiben von vorstehender Regelung ohne Einschr\u00e4nkung unber\u00fchrt.<br \/>\nWerden vom Auftraggeber oder Dritten unsachgem\u00e4\u00dfe Instandsetzungsarbeiten oder \u00c4nderungen vorgenommen, so bestehen f\u00fcr diese und die daraus entstehenden Folgen ebenfalls keine<br \/>\nGew\u00e4hrleistungsanspr\u00fcche.<br \/>\nAnspr\u00fcche des Auftraggebers wegen der zum Zweck der Nacherf\u00fcllung erforderlichen Aufwendungen, insbesondere Transport-, Arbeits- und Materialkosten sind ausgeschlossen, soweit<br \/>\ndie Aufwendungen sich erh\u00f6hen, weil die von uns gelieferte Ware nachtr\u00e4glich an einen anderen Ort als die Niederlassung des Bestellers verbracht worden ist, es sei denn, die Verbringung entspricht ihrem bestimmungsgem\u00e4\u00dfen Gebrauch. R\u00fcckgriffanspr\u00fcche des Bestellers gegen uns bestehen nur insoweit, als der Besteller mit seinem Abnehmer keine \u00fcber die gesetzlich zwingenden M\u00e4ngelanspr\u00fcche hinausgehenden Vereinbarungen getroffen hat. F\u00fcr den Umfang des R\u00fcckgriffanspruchs Abs. 5 entsprechend.<br \/>\n2. Wir gew\u00e4hrleisten f\u00fcr alle unsere Dienstleistungen eine sorgf\u00e4ltige und fachgerechte Durchf\u00fchrung und Erstellung einer Analyse nach dem heutigen Stand der Technik und den einschl\u00e4gigen<br \/>\nVorschriften und Richtlinien. Eine Gew\u00e4hr f\u00fcr die Ordnungsm\u00e4\u00dfigkeit und das Funktionieren der betreffenden Messobjekte oder der Gesamtk\u00fchlanlage, zu der die gemessenen Objekte geh\u00f6ren wird durch uns nicht \u00fcbernommen. Wir tragen keine Verantwortung f\u00fcr Konstruktion, Funktion, Materialauswahl und Bau der untersuchten Objekte.<\/p>\n<p>\u00a7 10 Haftungsbeschr\u00e4nkung<br \/>\nUnsere Analysen sind reine Empfehlungen. Eine Haftung daf\u00fcr, dass unsere Leistung f\u00fcr die Zwecke des Auftragsgebers geeignet ist, \u00fcbernehmen wir nur dann, wenn unsere Leistung durch grobe Fahrl\u00e4ssigkeit oder Vorsatz mangelhaft ist oder eine Garantie durch uns gegeben wurde. Eine Haftung f\u00fcr Mangelfolgesch\u00e4den aus Pflichtverletzungen oder in Bezug auf eine Beschaffenheitsgarantie ist ausgeschlossen, es sei denn wir haben grob fahrl\u00e4ssig oder vors\u00e4tzlich gehandelt.<\/p>\n<p>\u00a7 11 Besch\u00e4digungen \/Abhandenkommen<br \/>\nWird als Folge der fachgerechten Durchf\u00fchrung unserer Leistungen ohne unser Verschulden unser eigenes Ger\u00e4t besch\u00e4digt oder zerst\u00f6rt oder kommt abhanden, so sind wir berechtigt, vom<br \/>\nAuftraggeber in entsprechender Anwendung des \u00a7 670 BGB Ersatz zu verlangen. F\u00fcr Besch\u00e4digungen oder Zerst\u00f6rungen von Gegenst\u00e4nden des Auftraggebers als Folge einer fachgerechten Durchf\u00fchrung ohne Verschulden leisten wir keinen Ersatz.<\/p>\n<p>\u00a7 11 Sonstiges<br \/>\nDieser Vertrag und die gesamten Rechtsbeziehungen der Parteien unterliegen dem Recht der Bundesrepublik Deutschland. Erf\u00fcllungsort und ausschlie\u00dflicher Gerichtsstand f\u00fcr alle Streitigkeiten f\u00fcr diesen Vertrag ist unser Zwickau, sofern sich aus der Auftragsbest\u00e4tigung nichts anderes ergibt. Alle Vereinbarungen, die zwischen den Parteien zwecks Ausf\u00fchrung dieses Vertrages getroffen<br \/>\nwerden, sind in diesem Vertrag schriftlich niedergelegt. Sollten einzelne Bestimmungen dieses Vertrages unwirksam sein oder werden oder eine L\u00fccke enthalten, so bleiben die \u00fcbrigen Bestimmungen hiervon unber\u00fchrt. Die Parteien verpflichten sich, anstelle der unwirksamen Regelung eine solche gesetzlich zul\u00e4ssige Regelung zu treffen, die dem wirtschaftlichen Zweck der unwirksamen Regelung am N\u00e4chsten kommt.<\/p>\n<p>K\u00fchlAnalyse<br \/>\nMarienthaler Str. 25<br \/>\n08060 Zwickau<br \/>\nTelefon: +49 15120604472<br \/>\nNeueste Fassung vom 08.01.2013<br \/>\nAlle fr\u00fcheren Fassungen verlieren ihre G\u00fcltigkeit.<\/p>\n","protected":false},"excerpt":{"rendered":"<p>Download (PDF) ALLGEMEINE Gesch\u00e4ftsbedingungen &#8211; K\u00fchlAnalyse \u00a7 1 Geltungsbereich Angebote, Lieferungen, Leistungen und Dienstleistungen der Fa. K\u00fchlAnalyse Holger K\u00fchl erfolgen&hellip;<\/p>\n","protected":false},"author":1,"featured_media":0,"parent":0,"menu_order":0,"comment_status":"closed","ping_status":"closed","template":"","meta":[],"_links":{"self":[{"href":"https:\/\/kuehlanalyse.de\/index.php\/wp-json\/wp\/v2\/pages\/116"}],"collection":[{"href":"https:\/\/kuehlanalyse.de\/index.php\/wp-json\/wp\/v2\/pages"}],"about":[{"href":"https:\/\/kuehlanalyse.de\/index.php\/wp-json\/wp\/v2\/types\/page"}],"author":[{"embeddable":true,"href":"https:\/\/kuehlanalyse.de\/index.php\/wp-json\/wp\/v2\/users\/1"}],"replies":[{"embeddable":true,"href":"https:\/\/kuehlanalyse.de\/index.php\/wp-json\/wp\/v2\/comments?post=116"}],"version-history":[{"count":3,"href":"https:\/\/kuehlanalyse.de\/index.php\/wp-json\/wp\/v2\/pages\/116\/revisions"}],"predecessor-version":[{"id":310,"href":"https:\/\/kuehlanalyse.de\/index.php\/wp-json\/wp\/v2\/pages\/116\/revisions\/310"}],"wp:attachment":[{"href":"https:\/\/kuehlanalyse.de\/index.php\/wp-json\/wp\/v2\/media?parent=116"}],"curies":[{"name":"wp","href":"https:\/\/api.w.org\/{rel}","templated":true}]}}