{"id":110,"date":"2018-10-11T17:07:00","date_gmt":"2018-10-11T15:07:00","guid":{"rendered":"https:\/\/kuehlanalyse.de\/wp2018\/?page_id=110"},"modified":"2018-10-12T09:22:16","modified_gmt":"2018-10-12T07:22:16","slug":"troubleshooting","status":"publish","type":"page","link":"https:\/\/kuehlanalyse.de\/index.php\/troubleshooting\/","title":{"rendered":"Troubleshooting"},"content":{"rendered":"<p>&#8230; ist ein Modewort f\u00fcr das L\u00f6sen (Zerschie\u00dfen) von anliegenden Problemen.<br \/>\nUm ein Problem zu l\u00f6sen, wird es von mehreren Seiten beleuchtet und hinterfragt. M\u00f6gliche Antworten k\u00f6nnen sein: Trifft zu \/ Trifft nicht zu.<br \/>\nHier bew\u00e4hren sie Denkhilfen wie Mindmaps oder Checklisten. \u00dcber Symptome, auftretende\u00a0 Effekte oder Fehler(meldungen) wird nach m\u00f6glichen Ursachen gesucht.<\/p>\n<p><img loading=\"lazy\" class=\"size-full wp-image-161 alignnone\" src=\"https:\/\/kuehlanalyse.de\/wp2018\/wp-content\/uploads\/Anlagenanalyse.jpg\" alt=\"\" width=\"605\" height=\"729\" srcset=\"https:\/\/kuehlanalyse.de\/wp-content\/uploads\/Anlagenanalyse.jpg 605w, https:\/\/kuehlanalyse.de\/wp-content\/uploads\/Anlagenanalyse-249x300.jpg 249w\" sizes=\"(max-width: 605px) 100vw, 605px\" \/><\/p>\n<p>Die Firma K\u00fchl Analyse bietet Ihnen diskrete Hilfe bei Anlagenproblemen. Zum Einsatz kommen, neben herk\u00f6mmlichen Messger\u00e4ten, auch der Performanceanalyser PA-Pro von ClimaCheck.<\/p>\n<p>Dieses Diagnosetool erm\u00f6glicht zum\u00a0<strong>ersten Mal in der Geschichte der K\u00e4ltetechnik<\/strong>\u00a0eine\u00a0<strong>komplette Analyse der K\u00e4lteanlage<\/strong>\u00a0direkt vor Ort unter Praxisbedingungen.<\/p>\n<p><strong>ClimaCheck<\/strong>\u00a0erhielt die Auszeichnung\u00a0<strong>Refrigeration Product of the Year 2009<\/strong>.<br \/>\nDieser wird j\u00e4hrlich durch die\u00a0 britische ACR News vergeben. Der Preis wurde vergeben, f\u00fcr das Potential wesentliche Verbesserungen bei\u00a0 der Energieeffizienz bereits installierten Anlagen zu erzielen.<\/p>\n<p><strong>Kontaktieren Sie uns.\u00a0<\/strong><\/p>\n<p>Die Firma K\u00fchl Analyse ber\u00e4t Sie gerne bei der Bew\u00e4ltigung Ihrer messtechnischen Herausforderungen und bei der Optimierung Ihrer Anlagen.<\/p>\n<p><span style=\"color: #ff0000;\"><strong>\u00a0<\/strong><\/span><\/p>\n","protected":false},"excerpt":{"rendered":"<p>&#8230; ist ein Modewort f\u00fcr das L\u00f6sen (Zerschie\u00dfen) von anliegenden Problemen. Um ein Problem zu l\u00f6sen, wird es von mehreren&hellip;<\/p>\n","protected":false},"author":1,"featured_media":0,"parent":0,"menu_order":0,"comment_status":"closed","ping_status":"closed","template":"","meta":[],"_links":{"self":[{"href":"https:\/\/kuehlanalyse.de\/index.php\/wp-json\/wp\/v2\/pages\/110"}],"collection":[{"href":"https:\/\/kuehlanalyse.de\/index.php\/wp-json\/wp\/v2\/pages"}],"about":[{"href":"https:\/\/kuehlanalyse.de\/index.php\/wp-json\/wp\/v2\/types\/page"}],"author":[{"embeddable":true,"href":"https:\/\/kuehlanalyse.de\/index.php\/wp-json\/wp\/v2\/users\/1"}],"replies":[{"embeddable":true,"href":"https:\/\/kuehlanalyse.de\/index.php\/wp-json\/wp\/v2\/comments?post=110"}],"version-history":[{"count":4,"href":"https:\/\/kuehlanalyse.de\/index.php\/wp-json\/wp\/v2\/pages\/110\/revisions"}],"predecessor-version":[{"id":233,"href":"https:\/\/kuehlanalyse.de\/index.php\/wp-json\/wp\/v2\/pages\/110\/revisions\/233"}],"wp:attachment":[{"href":"https:\/\/kuehlanalyse.de\/index.php\/wp-json\/wp\/v2\/media?parent=110"}],"curies":[{"name":"wp","href":"https:\/\/api.w.org\/{rel}","templated":true}]}}